{"id":7384,"date":"2025-07-18T12:50:01","date_gmt":"2025-07-18T10:50:01","guid":{"rendered":"https:\/\/iiccopenaghen.esteri.it\/?page_id=7384"},"modified":"2025-11-27T13:19:22","modified_gmt":"2025-11-27T12:19:22","slug":"affitta-i-nostri-spazi","status":"publish","type":"page","link":"https:\/\/iiccopenaghen.esteri.it\/it\/chi-siamo\/la-sede\/affitta-i-nostri-spazi\/","title":{"rendered":"Affitta i nostri spazi"},"content":{"rendered":"<p>L&#8217;Istituto Italiano di Cultura di Copenaghen \u00e8 lieto di offrire in affitto il suo splendido Auditorium.<\/p>\n<p>L&#8217;Auditorium \u00e8 una sala polifunzionale ben equipaggiata ed adatta per una vasta gamma di eventi.<\/p>\n<p>Con una capienza massima di 200 persone e 110 sedie in legno pi\u00f9 10 poltroncine in pelle, \u00e8 progettato per accogliere sia grandi platee che incontri pi\u00f9 intimi.<\/p>\n<p>Al centro del palcoscenico si trova un prestigioso pianoforte a mezzacoda Steinway, montato su ruote piroettanti che lo rende perfetto per concerti ed esibizioni musicali.<\/p>\n<p>Inoltre, la sala dispone di un proiettore laser di ultima generazione Panasonic 4K (Modello: PT-MZ882), di uno schermo in formato 16:9 unitamente a un sistema audio professionale e illuminazione scenica non dimmerizzata dedicata, che rendono lo spazio ideale per proiezioni, conferenze, spettacoli e altro ancora.<\/p>\n<p>Si pu\u00f2 accedere all&#8217;auditorium sia da un guardaroba che dall\u2019entrata principale.<\/p>\n<p>L\u2019auditorium \u00e8 adornato da elementi di design italiano degli anni 60 che gli conferiscono un\u2019identit\u00e0 di pregio ed elegante. Dispone inoltre di una sala regia, completa di impianto audio, mixer, video ecc.<\/p>\n<p>Non solo avrai a disposizione lo spazio principale, ma potrai anche usufruire di un guardaroba e i tuoi ospiti potranno visitare la galleria, spesso arricchita dalle mostre curate dall&#8217;Istituto.<\/p>\n<p><strong>Prezzi per l&#8217;affitto:<\/strong><\/p>\n<ul>\n<li>6000 DKK per 4 ore.<\/li>\n<li>Ogni ora extra oltre le prime 4 ore: 1.000 DKK\/ora.<\/li>\n<li>Noleggio pianoforte (extra): 1.000 DKK.<\/li>\n<li>Noleggio proiettore (extra): 1.000 DKK.<\/li>\n<\/ul>\n<p>Se siete interessati, potete contattarci all&#8217;indirizzo mail:<\/p>\n<p>iiccopenaghen@esteri.it<\/p>\n<p>&nbsp;<\/p>\n<p><img loading=\"lazy\" decoding=\"async\" class=\"alignnone size-medium wp-image-7393 img-fluid\" src=\"https:\/\/iiccopenaghen.esteri.it\/wp-content\/uploads\/2025\/07\/pianta-IIC-1-300x283.jpg\" alt=\"\" width=\"300\" height=\"283\" srcset=\"https:\/\/iiccopenaghen.esteri.it\/wp-content\/uploads\/2025\/07\/pianta-IIC-1-300x283.jpg 300w, https:\/\/iiccopenaghen.esteri.it\/wp-content\/uploads\/2025\/07\/pianta-IIC-1-1024x964.jpg 1024w, https:\/\/iiccopenaghen.esteri.it\/wp-content\/uploads\/2025\/07\/pianta-IIC-1-768x723.jpg 768w, https:\/\/iiccopenaghen.esteri.it\/wp-content\/uploads\/2025\/07\/pianta-IIC-1.jpg 1648w\" sizes=\"auto, (max-width: 300px) 100vw, 300px\" \/><\/p>\n<p>&nbsp;<\/p>\n<p><img loading=\"lazy\" decoding=\"async\" class=\"alignnone size-medium wp-image-7390 img-fluid\" src=\"https:\/\/iiccopenaghen.esteri.it\/wp-content\/uploads\/2025\/07\/Auditorium-2-300x226.jpg\" alt=\"\" width=\"300\" height=\"226\" srcset=\"https:\/\/iiccopenaghen.esteri.it\/wp-content\/uploads\/2025\/07\/Auditorium-2-300x226.jpg 300w, https:\/\/iiccopenaghen.esteri.it\/wp-content\/uploads\/2025\/07\/Auditorium-2-1024x771.jpg 1024w, https:\/\/iiccopenaghen.esteri.it\/wp-content\/uploads\/2025\/07\/Auditorium-2-768x578.jpg 768w, https:\/\/iiccopenaghen.esteri.it\/wp-content\/uploads\/2025\/07\/Auditorium-2.jpg 1788w\" sizes=\"auto, (max-width: 300px) 100vw, 300px\" \/><\/p>\n<p>&nbsp;<\/p>\n<p>&nbsp;<\/p>\n<p>&nbsp;<\/p>\n<p>&nbsp;<\/p>\n","protected":false},"excerpt":{"rendered":"L&#8217;Istituto Italiano di Cultura di Copenaghen \u00e8 lieto di offrire in affitto il suo splendido Auditorium. L&#8217;Auditorium \u00e8 una sala polifunzionale ben equipaggiata ed adatta per una vasta gamma di eventi. Con una capienza massima di 200 persone e 110 sedie in legno pi\u00f9 10 poltroncine in pelle, \u00e8 progettato per accogliere sia grandi platee [&hellip;]","protected":false},"author":6,"featured_media":0,"parent":40,"menu_order":0,"comment_status":"closed","ping_status":"closed","template":"","meta":{"footnotes":""},"class_list":["post-7384","page","type-page","status-publish","hentry"],"_links":{"self":[{"href":"https:\/\/iiccopenaghen.esteri.it\/it\/wp-json\/wp\/v2\/pages\/7384","targetHints":{"allow":["GET"]}}],"collection":[{"href":"https:\/\/iiccopenaghen.esteri.it\/it\/wp-json\/wp\/v2\/pages"}],"about":[{"href":"https:\/\/iiccopenaghen.esteri.it\/it\/wp-json\/wp\/v2\/types\/page"}],"author":[{"embeddable":true,"href":"https:\/\/iiccopenaghen.esteri.it\/it\/wp-json\/wp\/v2\/users\/6"}],"replies":[{"embeddable":true,"href":"https:\/\/iiccopenaghen.esteri.it\/it\/wp-json\/wp\/v2\/comments?post=7384"}],"version-history":[{"count":6,"href":"https:\/\/iiccopenaghen.esteri.it\/it\/wp-json\/wp\/v2\/pages\/7384\/revisions"}],"predecessor-version":[{"id":10593,"href":"https:\/\/iiccopenaghen.esteri.it\/it\/wp-json\/wp\/v2\/pages\/7384\/revisions\/10593"}],"up":[{"embeddable":true,"href":"https:\/\/iiccopenaghen.esteri.it\/it\/wp-json\/wp\/v2\/pages\/40"}],"wp:attachment":[{"href":"https:\/\/iiccopenaghen.esteri.it\/it\/wp-json\/wp\/v2\/media?parent=7384"}],"curies":[{"name":"wp","href":"https:\/\/api.w.org\/{rel}","templated":true}]}}