{"id":5028,"date":"2024-11-19T10:18:20","date_gmt":"2024-11-19T09:18:20","guid":{"rendered":"https:\/\/iiccopenaghen.esteri.it\/?page_id=5028"},"modified":"2024-12-18T15:44:33","modified_gmt":"2024-12-18T14:44:33","slug":"italia-in-danimarca","status":"publish","type":"page","link":"https:\/\/iiccopenaghen.esteri.it\/it\/chi-siamo\/la-sede\/italia-in-danimarca\/","title":{"rendered":"Italia in Danimarca"},"content":{"rendered":"<p>In Danimarca esistono numerosi associazioni che curano la relazione con l&#8217;Italia, che promuovono l&#8217;arte, la cultura e la lingua italiano.<\/p>\n<p>L&#8217;Istituto Italiano di Cultura gode di una lunga collaborazione con molti dei seguenti associazioni:<\/p>\n<p>&nbsp;<\/p>\n<h3><img loading=\"lazy\" decoding=\"async\" class=\"\" src=\"https:\/\/iiccopenaghen.esteri.it\/wp-content\/uploads\/2024\/09\/Societa_Dante_Alighieri_logo.svg_-1024x949.png\" alt=\"\" width=\"135\" height=\"125\" \/><\/h3>\n<h3>Societ\u00e0 Dante Alighieri<\/h3>\n<p>La Societ\u00e0 Dante Alighieri \u00e8 un\u2019associazione culturale senza scopo di lucro, gestita da volontari e finanziata attraverso il tesseramento dei soci, organizzati in Comitati locali sparsi in tutto il mondo. Al momento se ne contano 87 in Italia e 423 all\u2019estero.<\/p>\n<p>Societ\u00e0 Dante Alighieri Copenaghen\u00a0\u00a0<a href=\"https:\/\/www.dante-alighieri-cph.dk\/\">Chi siamo &#8211; Dante Alighieri Cph<\/a><\/p>\n<p>Societ\u00e0 Dante Alighieri Aarhus <a href=\"http:\/\/www.dante-alighieri.dk\/aarhus\">www.dante-alighieri.dk\/aarhus<\/a><\/p>\n<p>Societ\u00e0 Dante Alighieri Odense\u00a0 <a href=\"https:\/\/www.dante-alighieri.dk\/odense\/\">www.dante-alighieri.dk\/odense<\/a><\/p>\n<p>Societ\u00e0 Dante Alighieri Syd\u00f8st-Jylland <a href=\"https:\/\/www.dante-alighieri.dk\/sydoest-jylland\/\">www.dante-alighieri.dk\/sydoest-jylland<\/a><\/p>\n<p>Societ\u00e0 Dante Alighieri Sydvest-Jylland <a href=\"https:\/\/www.dante-alighieri.dk\/sydvest-jylland\/\">www.dante-alighieri.dk\/sydvest-jylland<\/a><\/p>\n<p>&nbsp;<\/p>\n<p><img loading=\"lazy\" decoding=\"async\" class=\"size-thumbnail wp-image-5098 img-fluid alignleft\" src=\"https:\/\/iiccopenaghen.esteri.it\/wp-content\/uploads\/2024\/11\/Italiensk-kandidatforening-3-150x150.jpg\" alt=\"\" width=\"150\" height=\"150\" srcset=\"https:\/\/iiccopenaghen.esteri.it\/wp-content\/uploads\/2024\/11\/Italiensk-kandidatforening-3-150x150.jpg 150w, https:\/\/iiccopenaghen.esteri.it\/wp-content\/uploads\/2024\/11\/Italiensk-kandidatforening-3-300x298.jpg 300w, https:\/\/iiccopenaghen.esteri.it\/wp-content\/uploads\/2024\/11\/Italiensk-kandidatforening-3.jpg 587w\" sizes=\"auto, (max-width: 150px) 100vw, 150px\" \/><\/p>\n<h3><\/h3>\n<h3><\/h3>\n<h3><\/h3>\n<h3><\/h3>\n<h3>Italiensk kandidatforening<\/h3>\n<p>Italiensk Kandidatforening \u00e8 un&#8217;associazione di studenti e laureati in italiano all&#8217;Universit\u00e0 di Copenaghen. Italiensk Kandidatforening organizza una serie di eventi legati all&#8217;Italia, rivolti a chiunque sia interessato alla cultura e alla lingua italiana.<\/p>\n<p>Italiensk Kandidatforening er en alumneforening for kandidater og bachelorer i italiensk fra K\u00f8benhavns Universitet. Italiensk Kandidatforening afholder en r\u00e6kke italienskrelaterede arrangementer, som henvender sig til alle med interesse i italiensk kultur og sprog.<\/p>\n<p><a href=\"https:\/\/engerom.ku.dk\/ominstituttet\/alumne\/italiensk-kandidatforening\/?fbclid=IwY2xjawGivZhleHRuA2FlbQIxMAABHRj3gpQgW6m9gnw5USLhn7FeJmvX6W8G9UPrkbTQD_L7Asowy_2ntB2vJQ_aem_hdbthYInojJ3sQY2PI9JKg\">Italiensk Kandidatforening \u2013 K\u00f8benhavns Universitet<\/a><\/p>\n<p>&nbsp;<\/p>\n<h3><img loading=\"lazy\" decoding=\"async\" class=\"\" src=\"https:\/\/iiccopenaghen.esteri.it\/wp-content\/uploads\/2024\/11\/Danitacom-logo.png\" alt=\"\" width=\"133\" height=\"133\" \/><\/h3>\n<h3>Det Italienske Handelskammer<\/h3>\n<p>La Camera di Commercio Italiana in Danimarca mira di essere un partner attivo, dinamico ed efficace, con lo scopo di migliorare nel presente e nel futuro le opportunit\u00e0 commerciali tra Italia e Danimarca, fornendo informazioni pertinenti e connessioni imprenditoriali solide.<\/p>\n<p><a href=\"https:\/\/www.danitacom.org\/\">www.danitacom.org<\/a><\/p>\n<p>&nbsp;<\/p>\n<h3><img loading=\"lazy\" decoding=\"async\" class=\"\" src=\"https:\/\/iiccopenaghen.esteri.it\/wp-content\/uploads\/2024\/08\/Comites-logo.png\" alt=\"\" width=\"136\" height=\"88\" \/><\/h3>\n<h3>Comites<\/h3>\n<p>I Comites sono organismi incaricati di rappresentare le esigenze dei cittadini italiani residenti all\u2019estero nei rapporti con gli Uffici consolari, con i quali collaborano per individuare le necessit\u00e0 di natura sociale, culturale e civile della collettivit\u00e0 italiana all&#8217;estero.<\/p>\n<p><a href=\"https:\/\/www.comites.dk\/\">Comites.dk<\/a><\/p>\n<p>&nbsp;<\/p>\n<h3><img loading=\"lazy\" decoding=\"async\" class=\" img-fluid alignleft wp-image-5017 \" src=\"https:\/\/iiccopenaghen.esteri.it\/wp-content\/uploads\/2024\/11\/Comitato-Pro-Scuola-2.png\" alt=\"\" width=\"136\" height=\"57\" srcset=\"https:\/\/iiccopenaghen.esteri.it\/wp-content\/uploads\/2024\/11\/Comitato-Pro-Scuola-2.png 919w, https:\/\/iiccopenaghen.esteri.it\/wp-content\/uploads\/2024\/11\/Comitato-Pro-Scuola-2-300x126.png 300w, https:\/\/iiccopenaghen.esteri.it\/wp-content\/uploads\/2024\/11\/Comitato-Pro-Scuola-2-768x322.png 768w\" sizes=\"auto, (max-width: 136px) 100vw, 136px\" \/><\/h3>\n<h3><\/h3>\n<h3><\/h3>\n<h3>Comitato Pro-scuola<\/h3>\n<p>Comitato Pro Scuola Italiana in Danimarca \u00e8 un\u2019associazione di genitori, attiva dal 1979, che promuove attivit\u00e0 didattiche per bambini bilingue con un focus sulla lingua italiana.<br \/>\nNegli ultimi cinque anni, hanno introdotti numerosi nuovi progetti e iniziative didattiche e ludico-ricreative.<\/p>\n<p><a href=\"https:\/\/comitatoproscuola.org\/\">CPSI \u2013 Comitato Pro-Scuola Italiana in Danimarca<\/a><\/p>\n<p>&nbsp;<\/p>\n<h3><img loading=\"lazy\" decoding=\"async\" src=\"https:\/\/iiccopenaghen.esteri.it\/wp-content\/uploads\/2024\/11\/Arsid-logo.png\" alt=\"\" width=\"138\" height=\"29\" \/><\/h3>\n<h3><span style=\"font-size: 16px;\">Arsid\u00a0 &#8211;\u00a0 <\/span><span style=\"font-size: 16px;\">Associazione Ricercatori e Scienziati Italiani in Danimarca<\/span><\/h3>\n<p dir=\"ltr\">In occasione del 15 aprile 2021 in cui ricorreva la IV Giornata della Ricerca Italiana nel mondo, viene lanciata, per la prima volta in Danimarca, l\u2019Associazione dei Ricercatori e Scienziati Italiani in Danimarca (ARSID) grazie alla collaborazione del Prof. De Chiffre, Addetto Scientifico onorario dell\u2019Ambasciata d\u2019Italia.<\/p>\n<p dir=\"ltr\">\u00a0L\u2019ARSID si configura come un\u2019associazione senza fini di lucro, aperta a tutti i ricercatori italiani con interessi in Danimarca e ai ricercatori danesi con esperienze di ricerca in Italia che mira a facilitare il networking e la collaborazione, attraverso progetti di ricerca e sviluppo comuni, tra gli stessi ricercatori e con professionisti e istituzioni.<\/p>\n<p dir=\"ltr\">ARSID conta ad oggi oltre 200 membri e copre gli ambiti di Life Sciences (LS), Physical and Engineering Sciences (PE), e Social Sciences and Humanities (SH).<\/p>\n<p dir=\"ltr\">ARSID ha sede presso l&#8217;Istituto Italiano di Cultura\u00a0(Gj\u00f8rlingsvej 11, 2900 Hellerup).<\/p>\n<p dir=\"ltr\"><a href=\"http:\/\/www.arsid.org\">www.arsid.org<\/a><\/p>\n<p>&nbsp;<\/p>\n<p><img loading=\"lazy\" decoding=\"async\" src=\"https:\/\/iiccopenaghen.esteri.it\/wp-content\/uploads\/2024\/11\/KU-logo.png\" alt=\"\" width=\"135\" height=\"184\" \/><\/p>\n<h3 dir=\"ltr\">Institut for Engelsk, Germansk og Romansk<\/h3>\n<p dir=\"ltr\">Facolt\u00e0 di Italianistica all&#8217;Universit\u00e0 di Copenaghen<\/p>\n<p dir=\"ltr\"><a href=\"https:\/\/www.ku.dk\/studier\/bachelor\/italiensk-sprog-og-kultur\">Bachelor i italiensk sprog og kultur &#8211; Studier<\/a><\/p>\n<p>&nbsp;<\/p>\n<p><img loading=\"lazy\" decoding=\"async\" class=\"alignleft\" src=\"https:\/\/iiccopenaghen.esteri.it\/wp-content\/uploads\/2024\/11\/DIAA.png\" alt=\"\" width=\"135\" height=\"80\" \/><\/p>\n<h3 dir=\"ltr\"><\/h3>\n<h3 dir=\"ltr\"><\/h3>\n<h3 dir=\"ltr\">DIAA\u00a0 &#8211;\u00a0\u00a0Danish Italian Art Association<\/h3>\n<p>DIAA &#8220;Danish Italian Art Association&#8221; \u00e8 stata fondata nel 2021 e promuove l&#8217;arte contemporanea danese in Italia e l&#8217;arte italiana in Danimarca.<\/p>\n<p><a href=\"http:\/\/www.danskitalienskkunstforening.dk\">www.danskitalienskkunstforening.dk<\/a><\/p>\n<p>&nbsp;<\/p>\n<h3><img loading=\"lazy\" decoding=\"async\" class=\"\" src=\"https:\/\/iiccopenaghen.esteri.it\/wp-content\/uploads\/2024\/04\/SPQR.png\" alt=\"\" width=\"135\" height=\"62\" \/><\/h3>\n<h3>SPQR Romselskabet<\/h3>\n<p>Romselskabet S.P.Q.R. \u00e8 stata fondata nel 2009 e l&#8217;associazione si occupa di tutte le sfaccettature della capitale italiana.<br \/>\nRomselskabet S.P.Q.R. \u00e8 anche una comunit\u00e0 tra i membri; una comunit\u00e0 che nasce un po&#8217; nei viaggi e un po&#8217; negli eventi, che spesso si concludono con un pasto condiviso.<\/p>\n<p><a href=\"https:\/\/romselskabet-spqr.dk\/\">Romselskabet S.P.Q.R. | Romselskabet S.P.Q.R. \u2013 romersk kultur ad libitum<\/a><\/p>\n<p>&nbsp;<\/p>\n<h2><img loading=\"lazy\" decoding=\"async\" class=\"img-fluid alignleft wp-image-5020 \" src=\"https:\/\/iiccopenaghen.esteri.it\/wp-content\/uploads\/2024\/11\/Incantos-2.png\" alt=\"\" width=\"138\" height=\"86\" \/><\/h2>\n<h2><\/h2>\n<h2><\/h2>\n<h3>Incantos<\/h3>\n<p>Incantos \u00e9 un&#8217;Associazione Culturale Sarda fondata a Copenaghen.<\/p>\n<p><a href=\"https:\/\/www.facebook.com\/IncantosDK\/\">www.facebook.com\/IncantosDK<\/a><\/p>\n<p>&nbsp;<\/p>\n<h3><img loading=\"lazy\" decoding=\"async\" class=\"img-fluid alignleft wp-image-5018 \" src=\"https:\/\/iiccopenaghen.esteri.it\/wp-content\/uploads\/2024\/11\/Hoejskolen-paa-Sicilien-logo-2.png\" alt=\"\" width=\"135\" height=\"102\" srcset=\"https:\/\/iiccopenaghen.esteri.it\/wp-content\/uploads\/2024\/11\/Hoejskolen-paa-Sicilien-logo-2.png 814w, https:\/\/iiccopenaghen.esteri.it\/wp-content\/uploads\/2024\/11\/Hoejskolen-paa-Sicilien-logo-2-300x226.png 300w, https:\/\/iiccopenaghen.esteri.it\/wp-content\/uploads\/2024\/11\/Hoejskolen-paa-Sicilien-logo-2-768x579.png 768w\" sizes=\"auto, (max-width: 135px) 100vw, 135px\" \/><\/h3>\n<h3><\/h3>\n<h3><\/h3>\n<h3><\/h3>\n<h3>H\u00f8jskolen p\u00e5 Sicilien<\/h3>\n<p>H\u00f8jskolen p\u00e5 Sicilien realizza corsi con tante tematiche diverse:<\/p>\n<p>I tesori d&#8217;arte della Sicilia, le antiche culture dell&#8217;isola, i santi in Sicilia, i pellegrinaggi, le tradizioni cattoliche, la bellezza e la poesia in Sicilia, l&#8217;enogastronomia siciliana, la lingua italiana, viaggio di Capodanno Vino e vulcani, ecc. Inoltre corsi creativi come ceramica, disegno, grafica, fotografia, pittura e altri entusiasmanti percorsi didattici.<\/p>\n<p><a href=\"https:\/\/www.hoejskolensicilien.dk\/\">H\u00f8jskolen p\u00e5 Sicilien<\/a><\/p>\n<p>&nbsp;<\/p>\n<h3><img loading=\"lazy\" decoding=\"async\" class=\"\" src=\"https:\/\/iiccopenaghen.esteri.it\/wp-content\/uploads\/2024\/11\/iis-1024x213.png\" alt=\"\" width=\"136\" height=\"28\" \/><\/h3>\n<h3>Italien Information Service<\/h3>\n<p>Italien Information Service \u00e8 una piccola agenzia di viaggi specializzata in viaggi in Italia, oltre alla vendita di libri e molto altro.<\/p>\n<p><a href=\"https:\/\/www.iis.dk\/\">www.iis.dk<\/a><\/p>\n<p>&nbsp;<\/p>\n<h3><img loading=\"lazy\" decoding=\"async\" src=\"https:\/\/iiccopenaghen.esteri.it\/wp-content\/uploads\/2024\/11\/il-ponte-logo-150x150.png\" alt=\"\" width=\"133\" height=\"133\" \/><\/h3>\n<h3>Il ponte<\/h3>\n<p>Rivista italo-danese<\/p>\n<p><a href=\"http:\/\/www.ilponte.dk\">www.ilponte.dk<\/a><\/p>\n<p>&nbsp;<\/p>\n","protected":false},"excerpt":{"rendered":"In Danimarca esistono numerosi associazioni che curano la relazione con l&#8217;Italia, che promuovono l&#8217;arte, la cultura e la lingua italiano. L&#8217;Istituto Italiano di Cultura gode di una lunga collaborazione con molti dei seguenti associazioni: &nbsp; Societ\u00e0 Dante Alighieri La Societ\u00e0 Dante Alighieri \u00e8 un\u2019associazione culturale senza scopo di lucro, gestita da volontari e finanziata attraverso [&hellip;]","protected":false},"author":6,"featured_media":0,"parent":40,"menu_order":0,"comment_status":"closed","ping_status":"closed","template":"","meta":{"footnotes":""},"class_list":["post-5028","page","type-page","status-publish","hentry"],"_links":{"self":[{"href":"https:\/\/iiccopenaghen.esteri.it\/it\/wp-json\/wp\/v2\/pages\/5028","targetHints":{"allow":["GET"]}}],"collection":[{"href":"https:\/\/iiccopenaghen.esteri.it\/it\/wp-json\/wp\/v2\/pages"}],"about":[{"href":"https:\/\/iiccopenaghen.esteri.it\/it\/wp-json\/wp\/v2\/types\/page"}],"author":[{"embeddable":true,"href":"https:\/\/iiccopenaghen.esteri.it\/it\/wp-json\/wp\/v2\/users\/6"}],"replies":[{"embeddable":true,"href":"https:\/\/iiccopenaghen.esteri.it\/it\/wp-json\/wp\/v2\/comments?post=5028"}],"version-history":[{"count":7,"href":"https:\/\/iiccopenaghen.esteri.it\/it\/wp-json\/wp\/v2\/pages\/5028\/revisions"}],"predecessor-version":[{"id":5110,"href":"https:\/\/iiccopenaghen.esteri.it\/it\/wp-json\/wp\/v2\/pages\/5028\/revisions\/5110"}],"up":[{"embeddable":true,"href":"https:\/\/iiccopenaghen.esteri.it\/it\/wp-json\/wp\/v2\/pages\/40"}],"wp:attachment":[{"href":"https:\/\/iiccopenaghen.esteri.it\/it\/wp-json\/wp\/v2\/media?parent=5028"}],"curies":[{"name":"wp","href":"https:\/\/api.w.org\/{rel}","templated":true}]}}