{"id":41,"date":"2023-04-03T20:55:21","date_gmt":"2023-04-03T18:55:21","guid":{"rendered":"https:\/\/istitutobuenosaires.esteri.it\/?page_id=41"},"modified":"2025-07-25T13:47:38","modified_gmt":"2025-07-25T11:47:38","slug":"contatti","status":"publish","type":"page","link":"https:\/\/iiccopenaghen.esteri.it\/it\/chi-siamo\/contatti\/","title":{"rendered":"Contatti"},"content":{"rendered":"<div class=\"sr-only\"><\/div>\n<div>\n<p><strong>Indirizzo:<\/strong>\u00a0Gj\u00f8rlingsvej 11, DK 2900 Hellerup &#8211; Copenaghen<\/p>\n<p>Tel: 0045+39620696<\/p>\n<p>Fax: 0045+39628873<\/p>\n<p><span class=\"titoloNotizia\">Email principale:\u00a0<a href=\"mailto:iiccopenaghen@esteri.it\">iiccopenaghen@esteri.it<\/a><\/span><\/p>\n<p>Indirizzo abilitato esclusivamente alla ricezione di posta elettronica certificata (PEC):\u00a0<a href=\"mailto:iic.copenaghen@cert.esteri.it\">iic.copenaghen@cert.esteri.it<\/a><\/p>\n<p>&nbsp;<\/p>\n<p><strong>Orario di apertura:<\/strong><\/p>\n<p>luned\u00ec &#8211; marted\u00ec: 9.00-17.00<br \/>\nmercoled\u00ec &#8211; gioved\u00ec: 9.00-16.00<br \/>\nvenerd\u00ec: 9.00- 15.00<\/p>\n<p>&nbsp;<\/p>\n<\/div>\n","protected":false},"excerpt":{"rendered":"Indirizzo:\u00a0Gj\u00f8rlingsvej 11, DK 2900 Hellerup &#8211; Copenaghen Tel: 0045+39620696 Fax: 0045+39628873 Email principale:\u00a0iiccopenaghen@esteri.it Indirizzo abilitato esclusivamente alla ricezione di posta elettronica certificata (PEC):\u00a0iic.copenaghen@cert.esteri.it &nbsp; Orario di apertura: luned\u00ec &#8211; marted\u00ec: 9.00-17.00 mercoled\u00ec &#8211; gioved\u00ec: 9.00-16.00 venerd\u00ec: 9.00- 15.00 &nbsp;","protected":false},"author":1,"featured_media":0,"parent":15,"menu_order":4,"comment_status":"closed","ping_status":"closed","template":"","meta":{"footnotes":""},"class_list":["post-41","page","type-page","status-publish","hentry"],"_links":{"self":[{"href":"https:\/\/iiccopenaghen.esteri.it\/it\/wp-json\/wp\/v2\/pages\/41","targetHints":{"allow":["GET"]}}],"collection":[{"href":"https:\/\/iiccopenaghen.esteri.it\/it\/wp-json\/wp\/v2\/pages"}],"about":[{"href":"https:\/\/iiccopenaghen.esteri.it\/it\/wp-json\/wp\/v2\/types\/page"}],"author":[{"embeddable":true,"href":"https:\/\/iiccopenaghen.esteri.it\/it\/wp-json\/wp\/v2\/users\/1"}],"replies":[{"embeddable":true,"href":"https:\/\/iiccopenaghen.esteri.it\/it\/wp-json\/wp\/v2\/comments?post=41"}],"version-history":[{"count":5,"href":"https:\/\/iiccopenaghen.esteri.it\/it\/wp-json\/wp\/v2\/pages\/41\/revisions"}],"predecessor-version":[{"id":7486,"href":"https:\/\/iiccopenaghen.esteri.it\/it\/wp-json\/wp\/v2\/pages\/41\/revisions\/7486"}],"up":[{"embeddable":true,"href":"https:\/\/iiccopenaghen.esteri.it\/it\/wp-json\/wp\/v2\/pages\/15"}],"wp:attachment":[{"href":"https:\/\/iiccopenaghen.esteri.it\/it\/wp-json\/wp\/v2\/media?parent=41"}],"curies":[{"name":"wp","href":"https:\/\/api.w.org\/{rel}","templated":true}]}}