{"id":40,"date":"2023-04-03T20:55:02","date_gmt":"2023-04-03T18:55:02","guid":{"rendered":"https:\/\/istitutobuenosaires.esteri.it\/?page_id=40"},"modified":"2025-11-05T16:16:00","modified_gmt":"2025-11-05T15:16:00","slug":"la-sede","status":"publish","type":"page","link":"https:\/\/iiccopenaghen.esteri.it\/it\/chi-siamo\/la-sede\/","title":{"rendered":"La Sede"},"content":{"rendered":"<article id=\"articolo_centro\" role=\"main\" aria-label=\"articolo\"><strong>Storia della sede<\/strong><\/article>\n<article role=\"main\" aria-label=\"articolo\"><\/article>\n<article role=\"main\" aria-label=\"articolo\"><\/article>\n<article role=\"main\" aria-label=\"articolo\">L\u2019edificio dell\u2019IIC di Copenaghen \u2013 ubicato ad Hellerup, un elegante quartiere residenziale, nel quale si trovano Ambasciate, Gallerie e Musei \u2013 \u00e8 stato costruito dall\u2019architetto danese Speyer nel 1918-1919 ed \u00e8 stato classificato dal Consiglio Municipale locale tra i beni architettonici.La villa \u00e8 stata data in uso all\u2019Italia dallo stato danese nel 1966 allo scopo di funzionare come Istituto di cultura.<\/article>\n<article role=\"main\" aria-label=\"articolo\">Inizialmente era una villa per abitazione privata ad un solo piano, venne successivamente ristrutturata dall&#8217;architetto danese Martin Jensen. Il cortile interno fu ricoperto da una tettoia piana, trasformando il vano in quello che \u00e8 oggi un auditorio dall&#8217;acustica perfetta, dove si tengono conferenze, concerti, proiezioni di film, congressi e rappresentazioni teatrali.<\/article>\n<article role=\"main\" aria-label=\"articolo\">Sullo sfondo si aprono due sale espositive, dove si tengono le mostre dell\u2019Istituto, \u00a0che si affacciano su un arioso giardino di 1500 mq. spesso usato per eventi e esposizioni permanenti.<\/article>\n<article role=\"main\" aria-label=\"articolo\">Nel 1986 l&#8217;edificio \u00e8 stato ulteriormente restaurato e ampliato con un 1 piano dove sono state costruite la biblioteca con sala di lettura, il magazzino per i libri nel sottotetto, la foresteria e una scala a chiocciola con vetrata esterna che collega il primo piano con la biblioteca.<\/article>\n<article role=\"main\" aria-label=\"articolo\">L\u2019arredamento, ispirato dall\u2019architetto Gae Aulenti, \u00e8 costituito prevalentemente da mobili e suppellettili di design italiano. L&#8217;edificio originale \u00e8 un ottimo esempio di architettura privata danese d&#8217;inizio Novecento. A tale eleganza si unisce la funzionalit\u00e0 e armonia dell&#8217;insieme per una razionale distribuzione degli spazi.<\/article>\n<article role=\"main\" aria-label=\"articolo\"><\/article>\n<article role=\"main\" aria-label=\"articolo\"><\/article>\n<article role=\"main\" aria-label=\"articolo\"><\/article>\n<article role=\"main\" aria-label=\"articolo\"><\/article>\n<article role=\"main\" aria-label=\"articolo\">E&#8217; possibile vedere un video dei nostri spazi <a href=\"https:\/\/youtube.com\/shorts\/iLQykqGMrIY?feature=share\">QUI.<\/a><\/article>\n<article role=\"main\" aria-label=\"articolo\"><\/article>\n<article role=\"main\" aria-label=\"articolo\"><\/article>\n<div>\n<p style=\"text-align: center;\">\n<\/div>\n","protected":false},"excerpt":{"rendered":"Storia della sede L\u2019edificio dell\u2019IIC di Copenaghen \u2013 ubicato ad Hellerup, un elegante quartiere residenziale, nel quale si trovano Ambasciate, Gallerie e Musei \u2013 \u00e8 stato costruito dall\u2019architetto danese Speyer nel 1918-1919 ed \u00e8 stato classificato dal Consiglio Municipale locale tra i beni architettonici.La villa \u00e8 stata data in uso all\u2019Italia dallo stato danese nel [&hellip;]","protected":false},"author":1,"featured_media":0,"parent":15,"menu_order":2,"comment_status":"closed","ping_status":"closed","template":"","meta":{"footnotes":""},"class_list":["post-40","page","type-page","status-publish","hentry"],"_links":{"self":[{"href":"https:\/\/iiccopenaghen.esteri.it\/it\/wp-json\/wp\/v2\/pages\/40","targetHints":{"allow":["GET"]}}],"collection":[{"href":"https:\/\/iiccopenaghen.esteri.it\/it\/wp-json\/wp\/v2\/pages"}],"about":[{"href":"https:\/\/iiccopenaghen.esteri.it\/it\/wp-json\/wp\/v2\/types\/page"}],"author":[{"embeddable":true,"href":"https:\/\/iiccopenaghen.esteri.it\/it\/wp-json\/wp\/v2\/users\/1"}],"replies":[{"embeddable":true,"href":"https:\/\/iiccopenaghen.esteri.it\/it\/wp-json\/wp\/v2\/comments?post=40"}],"version-history":[{"count":7,"href":"https:\/\/iiccopenaghen.esteri.it\/it\/wp-json\/wp\/v2\/pages\/40\/revisions"}],"predecessor-version":[{"id":10061,"href":"https:\/\/iiccopenaghen.esteri.it\/it\/wp-json\/wp\/v2\/pages\/40\/revisions\/10061"}],"up":[{"embeddable":true,"href":"https:\/\/iiccopenaghen.esteri.it\/it\/wp-json\/wp\/v2\/pages\/15"}],"wp:attachment":[{"href":"https:\/\/iiccopenaghen.esteri.it\/it\/wp-json\/wp\/v2\/media?parent=40"}],"curies":[{"name":"wp","href":"https:\/\/api.w.org\/{rel}","templated":true}]}}