{"id":2176,"date":"2023-11-30T11:06:41","date_gmt":"2023-11-30T10:06:41","guid":{"rendered":"https:\/\/iiccopenaghen.esteri.it\/?page_id=2176"},"modified":"2026-01-07T10:32:04","modified_gmt":"2026-01-07T09:32:04","slug":"diventare-socio","status":"publish","type":"page","link":"https:\/\/iiccopenaghen.esteri.it\/it\/chi-siamo\/la-sede\/diventare-socio\/","title":{"rendered":"Diventare Socio"},"content":{"rendered":"<p>La tessera di socio dell\u2019Istituto Italiano di Cultura costa\u00a0<strong>350 corone<\/strong>\u00a0all\u2019anno.<\/p>\n<p>Per studenti, pensionati e soci della Societ\u00e0 Dante Alighieri la quota associativa \u00e8 di 250 corone.<\/p>\n<p>Il socio ricever\u00e0 via mail una tessera valida per un anno, che d\u00e0 diritto ad accedere alla biblioteca (prestiti fino ad un mese) ed a riduzioni sul costo dei biglietti relativi a manifestazioni culturali organizzate dall\u2019Istituto in collaborazione con altre istituzioni quali teatri, musei, gallerie ecc. L\u2019entrata \u00e8 libera per le manifestazioni organizzate dall&#8217;Istituto nei propri locali*.<\/p>\n<p>Per diventare soci bisogna versare 350 corone (per studenti, pensionati e soci della Societ\u00e0 Dante Alighieri: 250 corone) sul conto bancario <em>4001 &#8211; 4120061720<\/em>\u00a0e in seguito scrivere una mail a<strong>\u00a0iiccopenaghen@esteri.it\u00a0<\/strong>con<strong>\u00a0nome, cognome, data<\/strong>\u00a0del versamento e eventuale tipologia di socio (studente, pensionato o socio della Societ\u00e0 Dante Alighieri) Si prega di intitolare la mail\u00a0<em>MEDLEMSKAB<\/em>.<\/p>\n<p>Entro due settimane dall\u2019arrivo del versamento e della mail descritta qui sopra, il socio riceve via posta elettronica una scheda associativa quale bisogna stampare.<\/p>\n<p>L&#8217;Istituto purtroppo non pu\u00f2 accettare pagamenti in contanti o tramite assegno bancario.<\/p>\n<p>_____________________________________________________________________<br \/>\n*Per le manifestazioni organizzate da altri enti, nei locali dell&#8217;Istituto, pu\u00f2 essere richiesto il pagamento di un biglietto d&#8217;ingresso.<\/p>\n<p>&nbsp;<\/p>\n<p><span style=\"color: #ff0000;\">L&#8217;Istituto Italiano di Cultura mette <strong>in palio 2&#215;2 biglietti<\/strong>\u00a0 per il concerto del sassofonista italiano<strong> Max Ionata<\/strong> durante il prossimo Winter Jazz Festival di Copenaghen al <strong>Jazzhus Montmartre, sabato 31 gennaio alle 20:00<\/strong>, tra coloro che si iscriveranno all&#8217;Istituto Italiano di Cultura a gennaio, entro il 22 gennaio. I vincitori saranno scelti il \u200b\u200b23 gennaio e saranno avvisati direttamente.<\/span><\/p>\n","protected":false},"excerpt":{"rendered":"La tessera di socio dell\u2019Istituto Italiano di Cultura costa\u00a0350 corone\u00a0all\u2019anno. Per studenti, pensionati e soci della Societ\u00e0 Dante Alighieri la quota associativa \u00e8 di 250 corone. Il socio ricever\u00e0 via mail una tessera valida per un anno, che d\u00e0 diritto ad accedere alla biblioteca (prestiti fino ad un mese) ed a riduzioni sul costo dei [&hellip;]","protected":false},"author":3,"featured_media":0,"parent":40,"menu_order":0,"comment_status":"closed","ping_status":"closed","template":"","meta":{"footnotes":""},"class_list":["post-2176","page","type-page","status-publish","hentry"],"_links":{"self":[{"href":"https:\/\/iiccopenaghen.esteri.it\/it\/wp-json\/wp\/v2\/pages\/2176","targetHints":{"allow":["GET"]}}],"collection":[{"href":"https:\/\/iiccopenaghen.esteri.it\/it\/wp-json\/wp\/v2\/pages"}],"about":[{"href":"https:\/\/iiccopenaghen.esteri.it\/it\/wp-json\/wp\/v2\/types\/page"}],"author":[{"embeddable":true,"href":"https:\/\/iiccopenaghen.esteri.it\/it\/wp-json\/wp\/v2\/users\/3"}],"replies":[{"embeddable":true,"href":"https:\/\/iiccopenaghen.esteri.it\/it\/wp-json\/wp\/v2\/comments?post=2176"}],"version-history":[{"count":4,"href":"https:\/\/iiccopenaghen.esteri.it\/it\/wp-json\/wp\/v2\/pages\/2176\/revisions"}],"predecessor-version":[{"id":10965,"href":"https:\/\/iiccopenaghen.esteri.it\/it\/wp-json\/wp\/v2\/pages\/2176\/revisions\/10965"}],"up":[{"embeddable":true,"href":"https:\/\/iiccopenaghen.esteri.it\/it\/wp-json\/wp\/v2\/pages\/40"}],"wp:attachment":[{"href":"https:\/\/iiccopenaghen.esteri.it\/it\/wp-json\/wp\/v2\/media?parent=2176"}],"curies":[{"name":"wp","href":"https:\/\/api.w.org\/{rel}","templated":true}]}}