{"id":1876,"date":"2023-10-23T17:22:55","date_gmt":"2023-10-23T15:22:55","guid":{"rendered":"https:\/\/iiccopenaghen.esteri.it\/?page_id=1876"},"modified":"2026-01-16T13:50:52","modified_gmt":"2026-01-16T12:50:52","slug":"minicorsi-autunno-2023","status":"publish","type":"page","link":"https:\/\/iiccopenaghen.esteri.it\/it\/lingua-e-cultura\/i-corsi-di-lingua\/minicorsi-autunno-2023\/","title":{"rendered":"Minicorsi"},"content":{"rendered":"<p>Det Italienske Kulturinstitut udbyder semesterlange italienskkurser to gange om \u00e5ret. Hvis du ikke er kommet med p\u00e5 et af vores lange kurser, eller ikke har mulighed for at forpligte dig s\u00e5 lang tid ad gangen, s\u00e5 kan du komme p\u00e5 et kortere intensivkursus i november.<\/p>\n<p>Er du nybegynder og vil forberede dig p\u00e5 en forest\u00e5ende rejse til Italien, er du \u00f8vet og tr\u00e6nger til at opfriske grammatikken, eller har du lyst til at fordybe dig i litteraturen i en kortere periode, samtidig med du tr\u00e6ner dit talte italiensk, s\u00e5 l\u00e6s mere her &#8230;<\/p>\n<p>&nbsp;<\/p>\n<p>&nbsp;<\/p>\n<h3>Mini corso di Italiano attraverso le Canzoni (A2 &#8211; B1)<\/h3>\n<p>Venerd\u00ec dalle 10.00 alle 11.50<\/p>\n<p>Date: 20, 27 febbraio &#8211; 6, 13 e 20 marzo<\/p>\n<p>Il corso accompagna gli studenti alla scoperta della cultura italiana attraverso alcune delle sue espressioni pi\u00f9 iconiche: le canzoni. Partendo da brani che hanno segnato la storia della musica italiana, il percorso didattico utilizza la musica come strumento privilegiato per apprendere la lingua in modo naturale, coinvolgente e in sintonia con gli interessi personali degli apprendenti.<\/p>\n<p>Attraverso l\u2019ascolto e l\u2019analisi dei testi, gli studenti svilupperanno competenze linguistiche fondamentali come l\u2019accento e l\u2019intonazione, l\u2019uso dei verbi regolari e irregolari e dei pronomi diretti e indiretti, migliorando al tempo stesso la comprensione e l\u2019espressione orale.<\/p>\n<p>Le canzoni guida del corso includono grandi classici della musica italiana: <em>Volare<\/em> di Domenico Modugno, <em>Azzurro<\/em> di Adriano Celentano, <em>La solitudine<\/em> di Laura Pausini, <em>Sally <\/em>di Vasco Rossi e <em>Certe notti<\/em> di Ligabue, che offriranno un viaggio linguistico e culturale attraverso diverse epoche e sensibilit\u00e0 artistiche<\/p>\n<p><a href=\"https:\/\/event.it\/iiccopenaghen\/canzoni\">Adesione QUI<\/a><\/p>\n<p>&nbsp;<\/p>\n<p>&nbsp;<\/p>\n<p>&nbsp;<\/p>\n<p>&nbsp;<\/p>\n<p>&nbsp;<\/p>\n<p><strong>Tilmelding og betaling:<\/strong><br \/>\nVed alle tre ovenst\u00e5ende kurser g\u00e6lder, at tilmelding og betaling skal ske elektronisk.<\/p>\n<p><strong>Bem\u00e6rk!<\/strong>\u00a0Tilmeldingen er f\u00f8rst gyldig efter betaling.<u>\u00a0Efter betaling er din tilmelding bindende<\/u>\u00a0\u2013 kursusgebyret kan udelukkende returneres, hvis det \u00f8nskede hold ikke modtager et tilstr\u00e6kkeligt antal tilmeldinger eller aflyses (ekslusiv tilmeldingsgebyr).<\/p>\n","protected":false},"excerpt":{"rendered":"Det Italienske Kulturinstitut udbyder semesterlange italienskkurser to gange om \u00e5ret. Hvis du ikke er kommet med p\u00e5 et af vores lange kurser, eller ikke har mulighed for at forpligte dig s\u00e5 lang tid ad gangen, s\u00e5 kan du komme p\u00e5 et kortere intensivkursus i november. Er du nybegynder og vil forberede dig p\u00e5 en forest\u00e5ende [&hellip;]","protected":false},"author":3,"featured_media":0,"parent":42,"menu_order":0,"comment_status":"closed","ping_status":"closed","template":"","meta":{"footnotes":""},"class_list":["post-1876","page","type-page","status-publish","hentry"],"_links":{"self":[{"href":"https:\/\/iiccopenaghen.esteri.it\/it\/wp-json\/wp\/v2\/pages\/1876","targetHints":{"allow":["GET"]}}],"collection":[{"href":"https:\/\/iiccopenaghen.esteri.it\/it\/wp-json\/wp\/v2\/pages"}],"about":[{"href":"https:\/\/iiccopenaghen.esteri.it\/it\/wp-json\/wp\/v2\/types\/page"}],"author":[{"embeddable":true,"href":"https:\/\/iiccopenaghen.esteri.it\/it\/wp-json\/wp\/v2\/users\/3"}],"replies":[{"embeddable":true,"href":"https:\/\/iiccopenaghen.esteri.it\/it\/wp-json\/wp\/v2\/comments?post=1876"}],"version-history":[{"count":5,"href":"https:\/\/iiccopenaghen.esteri.it\/it\/wp-json\/wp\/v2\/pages\/1876\/revisions"}],"predecessor-version":[{"id":11074,"href":"https:\/\/iiccopenaghen.esteri.it\/it\/wp-json\/wp\/v2\/pages\/1876\/revisions\/11074"}],"up":[{"embeddable":true,"href":"https:\/\/iiccopenaghen.esteri.it\/it\/wp-json\/wp\/v2\/pages\/42"}],"wp:attachment":[{"href":"https:\/\/iiccopenaghen.esteri.it\/it\/wp-json\/wp\/v2\/media?parent=1876"}],"curies":[{"name":"wp","href":"https:\/\/api.w.org\/{rel}","templated":true}]}}