{"id":89,"date":"2023-04-03T20:55:21","date_gmt":"2023-04-03T18:55:21","guid":{"rendered":"https:\/\/iiccopenaghen.esteri.it\/chi-siamo\/contatti\/"},"modified":"2025-07-25T13:47:57","modified_gmt":"2025-07-25T11:47:57","slug":"contatti","status":"publish","type":"page","link":"https:\/\/iiccopenaghen.esteri.it\/da\/chi-siamo\/contatti\/","title":{"rendered":"Kontakt"},"content":{"rendered":"<article id=\"articolo_centro\" class=\"col-md-19 col-sm-19 padding_articolo item-page\" role=\"main\" aria-label=\"articolo\">\n<h4>Adresse og \u00e5bningstider<\/h4>\n<div class=\"sr-only\"><\/div>\n<div>\n<p><strong>Det Italienske Kulturinstitut<\/strong> findes p\u00e5 adressen:<\/p>\n<p>Gj\u00f8rlingsvej 11, 2900 Hellerup<\/p>\n<p>Tel: 39620696<\/p>\n<p>Fax: 39628873<\/p>\n<p>Email:\u00a0<a href=\"mailto:iiccopenaghen@esteri.it\">iiccopenaghen@esteri.it<\/a><\/p>\n<p>&nbsp;<\/p>\n<p><strong>\u00c5bningstider:<\/strong><\/p>\n<p>Man-tirsdag 9.00-17.00<\/p>\n<p>Ons-torsdag 9.00-16.00<\/p>\n<p>Fredag 09.00-15.00<\/p>\n<\/div>\n<div class=\"row\"><\/div>\n<\/article>\n","protected":false},"excerpt":{"rendered":"Adresse og \u00e5bningstider Det Italienske Kulturinstitut findes p\u00e5 adressen: Gj\u00f8rlingsvej 11, 2900 Hellerup Tel: 39620696 Fax: 39628873 Email:\u00a0iiccopenaghen@esteri.it &nbsp; \u00c5bningstider: Man-tirsdag 9.00-17.00 Ons-torsdag 9.00-16.00 Fredag 09.00-15.00","protected":false},"author":1,"featured_media":0,"parent":74,"menu_order":4,"comment_status":"closed","ping_status":"closed","template":"","meta":{"footnotes":""},"class_list":["post-89","page","type-page","status-publish","hentry"],"_links":{"self":[{"href":"https:\/\/iiccopenaghen.esteri.it\/da\/wp-json\/wp\/v2\/pages\/89","targetHints":{"allow":["GET"]}}],"collection":[{"href":"https:\/\/iiccopenaghen.esteri.it\/da\/wp-json\/wp\/v2\/pages"}],"about":[{"href":"https:\/\/iiccopenaghen.esteri.it\/da\/wp-json\/wp\/v2\/types\/page"}],"author":[{"embeddable":true,"href":"https:\/\/iiccopenaghen.esteri.it\/da\/wp-json\/wp\/v2\/users\/1"}],"replies":[{"embeddable":true,"href":"https:\/\/iiccopenaghen.esteri.it\/da\/wp-json\/wp\/v2\/comments?post=89"}],"version-history":[{"count":6,"href":"https:\/\/iiccopenaghen.esteri.it\/da\/wp-json\/wp\/v2\/pages\/89\/revisions"}],"predecessor-version":[{"id":7488,"href":"https:\/\/iiccopenaghen.esteri.it\/da\/wp-json\/wp\/v2\/pages\/89\/revisions\/7488"}],"up":[{"embeddable":true,"href":"https:\/\/iiccopenaghen.esteri.it\/da\/wp-json\/wp\/v2\/pages\/74"}],"wp:attachment":[{"href":"https:\/\/iiccopenaghen.esteri.it\/da\/wp-json\/wp\/v2\/media?parent=89"}],"curies":[{"name":"wp","href":"https:\/\/api.w.org\/{rel}","templated":true}]}}