{"id":83,"date":"2023-04-03T20:56:47","date_gmt":"2023-04-03T18:56:47","guid":{"rendered":"https:\/\/iiccopenaghen.esteri.it\/lingua-e-cultura\/biblioteca\/"},"modified":"2024-10-07T17:14:25","modified_gmt":"2024-10-07T15:14:25","slug":"biblioteca","status":"publish","type":"page","link":"https:\/\/iiccopenaghen.esteri.it\/da\/lingua-e-cultura\/biblioteca\/","title":{"rendered":"Bibliotek"},"content":{"rendered":"<p>Instituttets bibliotek besidder i alt ca. 11.000 udgivelser, st\u00f8rstedelen sk\u00f8nlitteratur, men ogs\u00e5 litteratur om kunst, historie, politik og undervisningsmateriale.<br \/>\nMedlemmer af Det Italienske Kulturinstitut kan l\u00e5ne fra biblioteket mod fremvisning af gyldigt medlemskort. Der kan l\u00e5nes 2 b\u00f8ger i op til 1 m\u00e5ned ad gangen. Det er ikke muligt selv at f\u00e5 adgang til biblioteket. Instituttets sprogkurser finder sted p\u00e5 biblioteket, og det er derfor i visse tidsrum sv\u00e6rt at komme til. For at yde en bedre og hurtigere service, foreg\u00e5r udl\u00e5n s\u00e5ledes:<\/p>\n<ul>\n<li>S\u00f8g p\u00e5 bibliotekets <a href=\"https:\/\/iic.infoteca.it\/copenaghen\/ricerca\/semplice\">ONLINE-KATALOG<\/a><\/li>\n<li>Reserver ved at sende en e-mail til: <a href=\"mailto:gaetano.gurgone@esteri.it\">gaetano.gurgone@esteri.it<\/a>. Oplys navn og efternavn (det er n\u00f8dvendigt at have et gyldigt medlemskort eller v\u00e6re kursist for at l\u00e5ne materiale fra Instituttets bibliotek. Hvis du er kursist, oplys dit holdnummer).<\/li>\n<li>Herefter vil du modtage svar tilbage p\u00e5 mail om, hvorn\u00e5r det \u00f8nskede materiale kan afhentes.<\/li>\n<\/ul>\n<p><span class=\"titoloNotizia\">NB! Afhentning skal finde sted inden for Instituttets \u00e5bningstid.<\/span><\/p>\n<p>&nbsp;<\/p>\n<p>&nbsp;<\/p>\n","protected":false},"excerpt":{"rendered":"Instituttets bibliotek besidder i alt ca. 11.000 udgivelser, st\u00f8rstedelen sk\u00f8nlitteratur, men ogs\u00e5 litteratur om kunst, historie, politik og undervisningsmateriale. Medlemmer af Det Italienske Kulturinstitut kan l\u00e5ne fra biblioteket mod fremvisning af gyldigt medlemskort. Der kan l\u00e5nes 2 b\u00f8ger i op til 1 m\u00e5ned ad gangen. Det er ikke muligt selv at f\u00e5 adgang til biblioteket. [&hellip;]","protected":false},"author":1,"featured_media":0,"parent":77,"menu_order":10,"comment_status":"closed","ping_status":"closed","template":"","meta":{"footnotes":""},"class_list":["post-83","page","type-page","status-publish","hentry"],"_links":{"self":[{"href":"https:\/\/iiccopenaghen.esteri.it\/da\/wp-json\/wp\/v2\/pages\/83","targetHints":{"allow":["GET"]}}],"collection":[{"href":"https:\/\/iiccopenaghen.esteri.it\/da\/wp-json\/wp\/v2\/pages"}],"about":[{"href":"https:\/\/iiccopenaghen.esteri.it\/da\/wp-json\/wp\/v2\/types\/page"}],"author":[{"embeddable":true,"href":"https:\/\/iiccopenaghen.esteri.it\/da\/wp-json\/wp\/v2\/users\/1"}],"replies":[{"embeddable":true,"href":"https:\/\/iiccopenaghen.esteri.it\/da\/wp-json\/wp\/v2\/comments?post=83"}],"version-history":[{"count":6,"href":"https:\/\/iiccopenaghen.esteri.it\/da\/wp-json\/wp\/v2\/pages\/83\/revisions"}],"predecessor-version":[{"id":4744,"href":"https:\/\/iiccopenaghen.esteri.it\/da\/wp-json\/wp\/v2\/pages\/83\/revisions\/4744"}],"up":[{"embeddable":true,"href":"https:\/\/iiccopenaghen.esteri.it\/da\/wp-json\/wp\/v2\/pages\/77"}],"wp:attachment":[{"href":"https:\/\/iiccopenaghen.esteri.it\/da\/wp-json\/wp\/v2\/media?parent=83"}],"curies":[{"name":"wp","href":"https:\/\/api.w.org\/{rel}","templated":true}]}}