{"id":81,"date":"2023-04-03T20:56:11","date_gmt":"2023-04-03T18:56:11","guid":{"rendered":"https:\/\/iiccopenaghen.esteri.it\/lingua-e-cultura\/certificazioni\/"},"modified":"2024-09-10T13:48:40","modified_gmt":"2024-09-10T11:48:40","slug":"certificazioni","status":"publish","type":"page","link":"https:\/\/iiccopenaghen.esteri.it\/da\/lingua-e-cultura\/certificazioni\/","title":{"rendered":"Certificeringer"},"content":{"rendered":"<h4>Certifikat for italiensk som fremmedsprog<\/h4>\n<p>Et sprogcertifikat p\u00e5viser indehaverens kompetence p\u00e5 italiensk som fremmedsprog.<\/p>\n<p>Sprogcertifikatet kan tages af alle: borgere i lande uden for Italien, italienske borgere bosat uden for Italien (efterkommere af italienske emigranter) og indvandrere i Italien.<br \/>\nDer er ikke specifikke adgangskrav for at g\u00e5 op til pr\u00f8verne.<br \/>\nDet Italienske Udenrigsministerium har indg\u00e5et aftaler med udvalgte institutioner om afholdelse af pr\u00f8verne i udlandet.<\/p>\n<p><a href=\"http:\/\/www.unistrapg.it\/\">Universit\u00e0 per Stranieri di Perugia<\/a>: CELI \u2013 CIC)<a href=\"https:\/\/iiccopenaghen.esteri.it\/iicmanager\/sedi_resource_iic\/2012\/05\/99661_f_iic51logoperugia4.jpg\" target=\"_blank\" rel=\"noopener\"><img decoding=\"async\" src=\"https:\/\/iiccopenaghen.esteri.it\/iicmanager\/sedi_resource_iic\/2012\/05\/99661_f_iic51logoperugia5.jpg\" alt=\"\" border=\"0\" \/><\/a><\/p>\n<p><a href=\"http:\/\/www.unistrasi.it\/\">Universit\u00e0 per Stranieri di Siena<\/a> :CILS)<\/p>\n<p><a href=\"https:\/\/iiccopenaghen.esteri.it\/iicmanager\/sedi_resource_iic\/2012\/05\/99662_f_iic51logoperugia6.jpg\" target=\"_blank\" rel=\"noopener\"><img decoding=\"async\" src=\"https:\/\/iiccopenaghen.esteri.it\/iicmanager\/sedi_resource_iic\/2012\/05\/99662_f_iic51logoperugia7.jpg\" alt=\"\" border=\"0\" \/><\/a><a href=\"http:\/\/www.uniroma3.it\/\">Universit\u00e0 degli Studi Roma Tre<\/a>: IT &#8211; ele.IT<\/p>\n<p><a href=\"https:\/\/iiccopenaghen.esteri.it\/iicmanager\/sedi_resource_iic\/2012\/05\/99663_f_iic51sienalogo2.jpg\" target=\"_blank\" rel=\"noopener\"><img decoding=\"async\" src=\"https:\/\/iiccopenaghen.esteri.it\/iicmanager\/sedi_resource_iic\/2012\/05\/99663_f_iic51sienalogo3.jpg\" alt=\"\" border=\"0\" \/><\/a><a href=\"http:\/\/www.plida.it\/\">Societ\u00e0 Dante Alighieri<\/a>: PLIDA<\/p>\n<p>&nbsp;<\/p>\n<p><img loading=\"lazy\" decoding=\"async\" class=\"size-medium wp-image-4398 img-fluid alignnone\" src=\"https:\/\/iiccopenaghen.esteri.it\/wp-content\/uploads\/2024\/09\/plida-450-300x142.png\" alt=\"\" width=\"300\" height=\"142\" srcset=\"https:\/\/iiccopenaghen.esteri.it\/wp-content\/uploads\/2024\/09\/plida-450-300x142.png 300w, https:\/\/iiccopenaghen.esteri.it\/wp-content\/uploads\/2024\/09\/plida-450.png 450w\" sizes=\"auto, (max-width: 300px) 100vw, 300px\" \/><\/p>\n<p>&nbsp;<\/p>\n<p>Det er nu muligt at tage en certificerende\u00a0<strong>PLIDA<\/strong>-eksamen via foreningen Societ\u00e0 Dante Alighieri Copenaghen.<\/p>\n<p>Der afholdes PLIDA-eksamener p\u00e5 Det Italienske Kulturinstitut <b>d. 13. og 14. november 2024<\/b><\/p>\n<p>Eksamen best\u00e5r af 4 dele: lytte (45 min.), l\u00e6se (40 min.), tale (15 min.) og skrive (60 min.)<\/p>\n<p>For yderligere information og tilmelding <a href=\"https:\/\/da.dante-alighieri-cph.dk\/plida\/\">se <strong>Societ\u00e0 Dante Alihieri Copenaghen<\/strong>s hjemmeside<\/a>.<\/p>\n<p>&nbsp;<\/p>\n<p>&nbsp;<\/p>\n<p>Oversigt over overensstemmelse mellem de forskellige certifikater.<\/p>\n<table class=\"table\" border=\"1\" cellspacing=\"2\" cellpadding=\"0\">\n<tbody>\n<tr>\n<td><\/td>\n<td><span class=\"titoloRosso\">Universit\u00e0 per Stranieri di Perugia<\/span><\/td>\n<td><span class=\"titoloRosso\">Universit\u00e0 per Stranieri di<br \/>\nSiena<\/span><\/td>\n<td><span class=\"titoloRosso\">Universit\u00e0 degli Studi di Roma Tre<\/span><\/td>\n<td><span class=\"titoloRosso\">Dante Alighieri<\/span><\/td>\n<\/tr>\n<tr>\n<td><span class=\"titoloRosso\">LIVELLO C2<br \/>\nPadronanza<\/span><\/td>\n<td>CELI 5<\/td>\n<td>CILS Quattro-C2<\/td>\n<td>IT<\/td>\n<td>PLIDA C2<\/td>\n<\/tr>\n<tr>\n<td><span class=\"titoloRosso\">LIVELLO C1<br \/>\nEfficacia<\/span><\/td>\n<td>CELI4<\/td>\n<td>CILS Tre-C1<\/td>\n<td>&#8212;&#8212;<\/td>\n<td>PLIDA C1<\/td>\n<\/tr>\n<tr>\n<td><span class=\"titoloRosso\">LIVELLO B2<br \/>\nProgresso<\/span><\/td>\n<td>CELI3<\/td>\n<td>CILS Due B2<\/td>\n<td>&#8212;&#8212;<\/td>\n<td>PLIDA B2<\/td>\n<\/tr>\n<tr>\n<td><span class=\"titoloRosso\">LIVELLO B1<br \/>\nSoglia<\/span><\/td>\n<td>CELI2<\/td>\n<td>CILS Uno B1<\/td>\n<td>ele.IT<\/td>\n<td>PLIDA B1<\/td>\n<\/tr>\n<tr>\n<td><span class=\"titoloRosso\">LIVELLO A2<br \/>\nSopravvivenza<\/span><\/td>\n<td>CELI1<\/td>\n<td>CILS A2<\/td>\n<td>&#8212;&#8212;<\/td>\n<td>PLIDA A2<\/td>\n<\/tr>\n<tr>\n<td><span class=\"titoloRosso\">LIVELLO A1<br \/>\nContatto<\/span><\/td>\n<td>CELI1<\/td>\n<td>CILS A1<\/td>\n<td>&#8212;&#8212;<\/td>\n<td>PLIDA A1<\/td>\n<\/tr>\n<\/tbody>\n<\/table>\n<p>&nbsp;<\/p>\n<p>&nbsp;<\/p>\n","protected":false},"excerpt":{"rendered":"Certifikat for italiensk som fremmedsprog Et sprogcertifikat p\u00e5viser indehaverens kompetence p\u00e5 italiensk som fremmedsprog. Sprogcertifikatet kan tages af alle: borgere i lande uden for Italien, italienske borgere bosat uden for Italien (efterkommere af italienske emigranter) og indvandrere i Italien. Der er ikke specifikke adgangskrav for at g\u00e5 op til pr\u00f8verne. Det Italienske Udenrigsministerium har indg\u00e5et [&hellip;]","protected":false},"author":1,"featured_media":0,"parent":77,"menu_order":4,"comment_status":"closed","ping_status":"closed","template":"","meta":{"footnotes":""},"class_list":["post-81","page","type-page","status-publish","hentry"],"_links":{"self":[{"href":"https:\/\/iiccopenaghen.esteri.it\/da\/wp-json\/wp\/v2\/pages\/81","targetHints":{"allow":["GET"]}}],"collection":[{"href":"https:\/\/iiccopenaghen.esteri.it\/da\/wp-json\/wp\/v2\/pages"}],"about":[{"href":"https:\/\/iiccopenaghen.esteri.it\/da\/wp-json\/wp\/v2\/types\/page"}],"author":[{"embeddable":true,"href":"https:\/\/iiccopenaghen.esteri.it\/da\/wp-json\/wp\/v2\/users\/1"}],"replies":[{"embeddable":true,"href":"https:\/\/iiccopenaghen.esteri.it\/da\/wp-json\/wp\/v2\/comments?post=81"}],"version-history":[{"count":6,"href":"https:\/\/iiccopenaghen.esteri.it\/da\/wp-json\/wp\/v2\/pages\/81\/revisions"}],"predecessor-version":[{"id":4409,"href":"https:\/\/iiccopenaghen.esteri.it\/da\/wp-json\/wp\/v2\/pages\/81\/revisions\/4409"}],"up":[{"embeddable":true,"href":"https:\/\/iiccopenaghen.esteri.it\/da\/wp-json\/wp\/v2\/pages\/77"}],"wp:attachment":[{"href":"https:\/\/iiccopenaghen.esteri.it\/da\/wp-json\/wp\/v2\/media?parent=81"}],"curies":[{"name":"wp","href":"https:\/\/api.w.org\/{rel}","templated":true}]}}