{"id":78,"date":"2023-04-03T20:55:37","date_gmt":"2023-04-03T18:55:37","guid":{"rendered":"https:\/\/iiccopenaghen.esteri.it\/lingua-e-cultura\/i-corsi-di-lingua\/"},"modified":"2026-02-10T11:31:55","modified_gmt":"2026-02-10T10:31:55","slug":"i-corsi-di-lingua","status":"publish","type":"page","link":"https:\/\/iiccopenaghen.esteri.it\/da\/lingua-e-cultura\/i-corsi-di-lingua\/","title":{"rendered":"Italienskkurser"},"content":{"rendered":"<p>Det Italienske Kulturinstitut udbyder italienskkurser to gange om \u00e5ret &#8211; i januar og i august.<\/p>\n<p>Kurserne str\u00e6kker sig over fjorten undervisningsgange. Hver lektion varer 2&#215;50 min. Holdene best\u00e5r af max. 13 kursister. Underviserne har alle italiensk som modersm\u00e5l.\u00a0Kursisterne har ogs\u00e5 mulighed for at l\u00e5ne italienske b\u00f8ger og film fra Instituttets bibliotek samt mulighed for certifikat for deltagelse.<\/p>\n<p><span style=\"color: #ff0000;\"><strong>Nye kurser begynder i den sidste uge i januar 2026<\/strong><\/span>.<\/p>\n<hr \/>\n<p>&nbsp;<\/p>\n<h2><strong>KURSER FOR FOR\u00c5R 2026:<\/strong><\/h2>\n<p>L\u00e6s l\u00e6ngst nede p\u00e5 siden om\u00a0tilmelding\u00a0og\u00a0<strong><span style=\"color: #000000;\">undervisningsmateriale<\/span>.<\/strong><\/p>\n<p>&nbsp;<\/p>\n<table class=\"table\" cellpadding=\"10\">\n<tbody>\n<tr>\n<td><em><strong>A1<\/strong><\/em><br \/>\n<em><strong>Basissprogbruger &#8211; Nybegynder<\/strong><\/em><em><br \/>\n<\/em><\/td>\n<\/tr>\n<\/tbody>\n<\/table>\n<p>&nbsp;<\/p>\n<h3>Hold 1<\/h3>\n<p><span style=\"color: #ff0000;\"><strong>Niveau:\u00a0A1.1<\/strong><\/span><\/p>\n<p>Underviser: Francesca Turri<\/p>\n<p>Undervisningsmateriale: <em>Nuovo Espresso 1<\/em><\/p>\n<p><strong>Mandag kl. 10.00<\/strong>-11.50 (2&#215;45 min.) 26\/01-18\/05 2026<\/p>\n<p><strong>Tilmeldingsfrist udl\u00f8bet<\/strong><\/p>\n<p>&nbsp;<\/p>\n<h3>Hold 2<\/h3>\n<p><span style=\"color: #ff0000;\"><strong>Niveau:\u00a0A1.1<\/strong><\/span><\/p>\n<p><strong>OBS<\/strong>: Dette kursus afholdes p\u00e5 Biblioteket Rentemestervej<\/p>\n<p>Underviser: Information kommer snarest<\/p>\n<p>Undervisningsmateriale:\u00a0Information kommer snarest<\/p>\n<p><strong>Torsdag kl. 18.00<\/strong>-19.50 (2&#215;45 min.) 29\/01 \u2013 21\/05 2026<\/p>\n<p><strong>Tilmeldingsfrist udl\u00f8bet<\/strong><\/p>\n<p>&nbsp;<\/p>\n<p>&nbsp;<\/p>\n<table class=\"table\" cellpadding=\"10\">\n<tbody>\n<tr>\n<td><strong><em>A1<\/em><\/strong><br \/>\n<strong><em>Basissprogbruger<\/em><\/strong><br \/>\n<em>Kursisten er stadig begynder, men har dog modtaget en smule undervisning, f.eks. fulgt et begynderkursus, eller besk\u00e6ftiget sig lidt med det italienske sprog og har kendskab til basale vendinger og grammatik.\u00a0<\/em><\/td>\n<\/tr>\n<\/tbody>\n<\/table>\n<p>&nbsp;<\/p>\n<h3>Hold 3<\/h3>\n<p><span style=\"color: #ff0000;\"><strong>Niveau:\u00a0A1.2<\/strong><\/span><\/p>\n<p>Underviser: Francesca Turri<\/p>\n<p>Undervisningsmateriale:\u00a0<em>Nuovo Espresso 1<\/em><\/p>\n<p><strong>Mandag kl. 13.30<\/strong>-15.20 (2&#215;45 min.) 26\/01-18\/05 2026<\/p>\n<p><strong>Tilmeldingsfrist udl\u00f8bet<\/strong><\/p>\n<p><a href=\"https:\/\/event.it\/iiccopenaghen\/hold3\/token\/3fhy\">Tilmeld dig her<\/a><\/p>\n<p>&nbsp;<\/p>\n<h3>Hold 4<\/h3>\n<p><span style=\"color: #ff0000;\"><strong>Niveau:\u00a0A1.2<\/strong><\/span><\/p>\n<p>Underviser: Alessandro Cremonesi<\/p>\n<p>Undervisningsmateriale:\u00a0<em>Nuovo Espresso 1<\/em><\/p>\n<p><strong>Tirsdag kl. 17.00<\/strong>-18.50 (2\u00d750 min.) 27\/01 \u2013 12\/05 2026<\/p>\n<p><strong>Tilmeldingsfrist udl\u00f8bet<\/strong><\/p>\n<p><a href=\"https:\/\/event.it\/iiccopenaghen\/hold4\/token\/8liv\">Tilmeld dig her<\/a><\/p>\n<p>&nbsp;<\/p>\n<h3>Hold 5<\/h3>\n<p>OBS: Dette kursus afholdes p\u00e5 Biblioteket Rentemestervej<\/p>\n<p><span style=\"color: #ff0000;\"><strong>Niveau:\u00a0A1.2<\/strong><\/span><\/p>\n<p>Underviser: Giulia Grosso<\/p>\n<p>Undervisningsmateriale:\u00a0<em>DIECI A1<\/em>,\u00a0 fra kap. 4<\/p>\n<p><strong>Fredag kl. 18.00<\/strong>-19.50 (2\u00d750 min.) 30\/01 \u2013 15\/05 2026<\/p>\n<p><strong>Tilmeldingsfrist udl\u00f8bet<\/strong><\/p>\n<p><a href=\"https:\/\/event.it\/iiccopenaghen\/hold5\/token\/0hh7\">Tilmeld dig her<\/a><\/p>\n<p>&nbsp;<\/p>\n<h3>Hold 6<\/h3>\n<p><span style=\"color: #ff0000;\"><strong>Niveau:\u00a0A1.3<\/strong><\/span><\/p>\n<p>Underviser: Alba Granizio<\/p>\n<p>Undervisningsmateriale:\u00a0<em>Passaparola 1<\/em>, fra kap. 9<\/p>\n<p>Vi forts\u00e6tter med bogen\u00a0<em>Passaparola 1<\/em>\u00a0fra cirka kap. 9 samt\u00a0Skriftlige \u00f8velser. Vi l\u00e6ser korte tekster, h\u00f8rer lytte\u00f8velser og l\u00f8ser sm\u00e5 opgaver. Grammatik repeteres efter behov.<\/p>\n<p><strong>Fredag kl. 12.00<\/strong>-13.50 (2\u00d750 min.) 30\/01 \u2013 15\/05 2026<\/p>\n<p><strong>Tilmeldingsfrist udl\u00f8bet<\/strong><\/p>\n<p><a href=\"https:\/\/event.it\/iiccopenaghen\/hold6\/token\/ltv5\">Tilmeld dig her<\/a><\/p>\n<p>&nbsp;<\/p>\n<table class=\"table\" cellpadding=\"10\">\n<tbody>\n<tr>\n<td><strong><em>A2<\/em><\/strong><br \/>\n<strong><em>Basissprogbruger<\/em><\/strong><br \/>\n<em>Kursisten kan forst\u00e5 hyppigt anvendte udtryk om personlige og famili\u00e6re forhold, indk\u00f8b, lokal geografi m.m. og kommunikere i ukomplicerede situationer, der kr\u00e6ver en enkel udveksling af information.<\/em><\/td>\n<\/tr>\n<\/tbody>\n<\/table>\n<p>&nbsp;<\/p>\n<h3>Hold 7<\/h3>\n<p><span style=\"color: #ff0000;\"><strong>Niveau:\u00a0A2.1<\/strong><\/span><\/p>\n<p>Underviser: Francesca Turri<\/p>\n<p>Undervisningsmateriale: <em>Nuovo Espresso 2<\/em><\/p>\n<p><strong>Tirsdag kl. 13.30<\/strong>-15.20 (2&#215;45 min.) 27\/01 \u2013 12\/05 2026<\/p>\n<p><strong>Tilmeldingsfrist udl\u00f8bet<\/strong><\/p>\n<p><a href=\"https:\/\/event.it\/iiccopenaghen\/hold7\/token\/4x72\">Tilmeld dig her<\/a><\/p>\n<p>&nbsp;<\/p>\n<h3>Hold 8<\/h3>\n<p><span style=\"color: #ff0000;\"><strong>Niveau:\u00a0A2.1<\/strong><\/span><\/p>\n<p>Underviser: Alba Granizio<\/p>\n<p>Undervisningsmateriale:\u00a0<em>Passaparola 1<\/em>, fra kap. 15<\/p>\n<p>Vi fors\u00e6tter med bogen\u00a0<em>Passaparola 1<\/em>\u00a0fra cirka kap. 15 samt andet materiale. I l\u00f8bet af undervisningen uddyber vi grammatikken og giver samtidig meget plads til samtale p\u00e5 italiensk. Vi h\u00f8rer lytte\u00f8velser og l\u00f8ser opgaver. Vi repeterer grammatik efter behov.<\/p>\n<p><strong>Onsdag kl. 14.00<\/strong>-15.50 (2\u00d750 min.) 28\/01 \u2013 13\/05 2026<\/p>\n<p><strong>Tilmeldingsfrist udl\u00f8bet<\/strong><\/p>\n<p><a href=\"https:\/\/event.it\/iiccopenaghen\/hold8\/token\/9lhs\">Tilmeld dig her<\/a><\/p>\n<p>&nbsp;<\/p>\n<table class=\"table\" cellpadding=\"10\">\n<tbody>\n<tr>\n<td><strong><em>B1<\/em><\/strong><br \/>\n<strong><em>Selvst\u00e6ndig sprogbruger<\/em><\/strong><br \/>\n<em>Kursisten kan forst\u00e5 hovedpunkterne i\u00a0en klar normal fremstilling om velkendte emner. Kan klare de fleste situationer under rejser. Kan producere en ukompliceret, sammenh\u00e6ngende tekst om dagligdagsemner.<\/em><\/td>\n<\/tr>\n<\/tbody>\n<\/table>\n<p>&nbsp;<\/p>\n<h3>Hold 9<\/h3>\n<p><span style=\"color: #ff0000;\"><strong>Niveau:\u00a0B1.1<\/strong><\/span><\/p>\n<p>Underviser: Alba Granizio<\/p>\n<p>Undervisningsmateriale:<em>\u00a0Le preposizioni italiane + I pronomi italiani<\/em><\/p>\n<p>Vi bruger undervisningsmateriale til at forbedre vores viden om stedord og pr\u00e6positioner. Andet undervisningsmateriale aftales f\u00f8rste m\u00f8degang.<\/p>\n<p><strong>Mandag kl. 15.00<\/strong>-16.50 (2\u00d750 min.) 26\/01-18\/05 2026<\/p>\n<p><strong>Tilmeldingsfrist udl\u00f8bet<\/strong><\/p>\n<p><a href=\"https:\/\/event.it\/iiccopenaghen\/hold9\/token\/dmwj\">Tilmeld dig her<\/a><\/p>\n<p>&nbsp;<\/p>\n<h3>Hold 10<\/h3>\n<p><span style=\"color: #ff0000;\"><strong>Niveau:\u00a0B1.1<\/strong><\/span><\/p>\n<p>Underviser: Claudia Alosi<\/p>\n<p>Undervisningsmateriale:\u00a0<em>Un nuovo giorno in Italia B1 + Dolce Vita <\/em>af Alessandro Giuli og Ciro Massimo Naddeo<\/p>\n<p>Approfondiremo la grammatica e il lessico attraverso il manuale<em> Un nuovo giorno in Italia B1\u00a0<\/em>di Loredana Chiappini e Nuccia De Filippo, Bonacci editore (inizieremo dal capitolo 1). Leggeremo inoltre il romanzo <em>Dolce Vita<\/em> di Alessandro Giuli e Ciro Massimo Naddeo, Letture Italiano Facile, Alma edizioni.<\/p>\n<p><strong>Tirsdag kl. 12.00<\/strong>-13.50 (2\u00d750 min.) 27\/01 \u2013 12\/05 2026<\/p>\n<p><strong>Tilmeldingsfrist udl\u00f8bet<\/strong><\/p>\n<p><a href=\"https:\/\/event.it\/iiccopenaghen\/hold10\/token\/1ez1\">Tilmeld dig her<\/a><\/p>\n<p>&nbsp;<\/p>\n<h3>Hold 11<\/h3>\n<p><span style=\"color: #ff0000;\"><strong>Niveau:\u00a0B1.1<\/strong><\/span><\/p>\n<p>Underviser: Barbara Picca<\/p>\n<p>Undervisningsmateriale:\u00a0<em>Italia sempre A2\/B1<\/em>, fra kap. 4<\/p>\n<p>P\u00e5 dette kursus vil vi forbedre evnen til at kommunikere og konversere p\u00e5 italiensk, uden dog at glemme grammatikken.<\/p>\n<p><strong>Tirsdag kl. 15.00<\/strong>-16.50 (2\u00d750 min.) 27\/01 \u2013 12\/05 2026<\/p>\n<p><strong>Tilmeldingsfrist udl\u00f8bet<\/strong><\/p>\n<p><a href=\"https:\/\/event.it\/iiccopenaghen\/hold11\/token\/nr7y\">Tilmeld dig her<\/a><\/p>\n<p>&nbsp;<\/p>\n<h3>Hold 12<\/h3>\n<p><span style=\"color: #ff0000;\"><strong>Niveau:\u00a0B1.3<\/strong><\/span><\/p>\n<p>Underviser: Information kommer snarest<\/p>\n<p>Undervisningsmateriale:\u00a0<em>Nuovo espresso 4<\/em><\/p>\n<p>Kurset har til form\u00e5l at flytte kursisterne fra et lavere mellemniveau til at opn\u00e5 selvst\u00e6ndighed i brugen af \u200b\u200bsproget (B2). Det allerede tilegnede grammatiske grundlag (congiuntivo, condizionale, passato remoto, gerundio og indirekte tale) vil blive konsolideret med udgangspunkt i l\u00e6rebogen\u00a0Nuovo espresso 4.<\/p>\n<p><strong>Mandag kl. 15.00<\/strong>-16.50 (2\u00d750 min.) 26\/01-18\/05 2026<\/p>\n<p><strong>Tilmeldingsfrist udl\u00f8bet<\/strong><\/p>\n<p><a href=\"https:\/\/event.it\/iiccopenaghen\/hold12\/token\/vj7b\">Tilmeld dig her<\/a><\/p>\n<p>&nbsp;<\/p>\n<table class=\"table\" cellpadding=\"10\">\n<tbody>\n<tr>\n<td><strong><em>B2<\/em><\/strong><br \/>\n<strong><em>Selvst\u00e6ndig sprogbruger<\/em><\/strong><br \/>\n<em>Kursisten kan forst\u00e5 hovedpunkterne i en\u00a0kompleks tekst om b\u00e5de konkrete og abstrakte emner, herunder faglige\u00a0diskussioner inden for et kendt fagomr\u00e5de. Kan indg\u00e5 i samtaler med et spontant sprog med en modersm\u00e5lstalende. Kan udtrykke sig klart og detaljeret om en bred vifte af emner.<\/em><\/td>\n<\/tr>\n<\/tbody>\n<\/table>\n<p>&nbsp;<\/p>\n<h3>Hold 13<\/h3>\n<p><span style=\"color: #ff0000;\"><strong>Niveau:\u00a0B2.1<\/strong><\/span><\/p>\n<p>Underviser: Claudia Alosi<\/p>\n<p>Undervisningsmateriale:\u00a0<em>Un nuovo giorno in Italia B2<\/em> + <em>Ora dimmi di te. Lettera a Matilda<\/em> af Andrea Cammilleri (fra side 48)<\/p>\n<p>Dette kursus v\u00e6gter tale og samtale p\u00e5 italiensk p\u00e5 baggrund af kendskab til italiensk p\u00e5 et tr\u00e6net B1-niveau. Grammatik tages op, hvor vi st\u00f8der p\u00e5 det, og med udgangspunkt i \u00f8velser fra l\u00e6rebogen\u00a0<em>Un nuovo giorno in Italia B2<\/em>. Vi l\u00e6ser romanen <em>Ora dimmi di te. Lettera a Matilda<\/em> af Andrea Cammilleri (fra side 48). Nye kursister er meget velkomne, men de m\u00e5 meget gerne l\u00e6se de f\u00f8rste 48 sider selv inden start.<\/p>\n<p><strong>Tirsdag kl. 10.00<\/strong>-11.50 (2\u00d750 min.) 27\/01 \u2013 12\/05 2026<\/p>\n<p><strong>Tilmeldingsfrist udl\u00f8bet<\/strong><\/p>\n<p><a href=\"https:\/\/event.it\/iiccopenaghen\/hold13\/token\/xb9x\">Tilmeld dig her<\/a><\/p>\n<p>&nbsp;<\/p>\n<h3>Hold 14<\/h3>\n<p><span style=\"color: #ff0000;\"><strong>Niveau:\u00a0B2.3<\/strong><\/span><\/p>\n<p>Underviser: Claudia Alosi<\/p>\n<p>Undervisningsmateriale:\u00a0<em>Un nuovo giorno in Italia B2<\/em>, fra kap. 3 + <em>La felicit\u00e1 \u00e9 una storia semplice<\/em> af Lorenza Gentile<\/p>\n<p>Lavoreremo sul manuale <em>Un nuovo\u00a0giorno in Italia B2<\/em>, Loredana Chiappini e Nuccia De Filippo, Bonacci editore (inizieremo dal capitolo 3). Leggeremo insieme il romanzo <em>Accabadora<\/em> di Michela Murgia<\/p>\n<p><strong>Onsdag kl. 10.00<\/strong>-11.50 (2\u00d750 min.) 28\/01 \u2013 13\/05 2026<\/p>\n<p><strong>Tilmeldingsfrist udl\u00f8bet<\/strong><\/p>\n<p><a href=\"https:\/\/event.it\/iiccopenaghen\/hold14\/token\/te5g\">Tilmeld dig her<\/a><\/p>\n<p>&nbsp;<\/p>\n<table class=\"table\" cellpadding=\"10\">\n<tbody>\n<tr>\n<td><em><strong>C1<\/strong><\/em><br \/>\n<em><strong>Kompetent sprogbruger<\/strong><\/em><br \/>\n<em>Kursisten kan forst\u00e5 kr\u00e6vende, l\u00e6ngere\u00a0tekster og opfatte underforst\u00e5et betydning. Kan udtrykke sig flydende og spontant. Kan anvende sproget fleksibelt og virkningsfuldt.<\/em><\/td>\n<\/tr>\n<\/tbody>\n<\/table>\n<p>&nbsp;<\/p>\n<h3>Hold 15<\/h3>\n<p><span style=\"color: #ff0000;\"><strong>Niveau:\u00a0C1.1<\/strong><\/span><\/p>\n<p>Underviser: Barbara Picca<\/p>\n<p>Undervisningsmateriale: Udleveres af underviseren<\/p>\n<p>In questo corso discuteremo e approfondiremo, confrontando le nostre opinioni, molti e diversi argomenti riguardanti la nostra vita di donne e uomini del XXI secolo.<\/p>\n<p><strong>Tirsdag kl. 17.00<\/strong>-18.50 (2&#215;45 min.) 27\/01 \u2013 12\/05 2026<\/p>\n<p><strong>Tilmeldingsfrist udl\u00f8bet<\/strong><\/p>\n<p><a href=\"https:\/\/event.it\/iiccopenaghen\/hold15\/token\/2eko\">Tilmeld dig her<\/a><\/p>\n<p>&nbsp;<\/p>\n<h3>Hold 16<\/h3>\n<p><span style=\"color: #ff0000;\"><strong>Niveau:\u00a0C1.2<\/strong><\/span><\/p>\n<p>Underviser: Barbara Picca<\/p>\n<p>Undervisningsmateriale: Udleveres af underviseren<\/p>\n<p>In questo corso discuteremo e approfondiremo, confrontando le nostre opinioni, molti e diversi argomenti riguardanti la nostra vita di donne e uomini del XXI secolo.<\/p>\n<p><strong>Torsdag kl. 15.00<\/strong>-16.50 (2\u00d750 min.) 29\/01 \u2013 21\/05 2026<\/p>\n<p><strong>Tilmeldingsfrist udl\u00f8bet<\/strong><\/p>\n<p><a href=\"https:\/\/event.it\/iiccopenaghen\/hold16\/token\/ph6e\">Tilmeld dig her<\/a><\/p>\n<p>&nbsp;<\/p>\n<h3>Hold 17<\/h3>\n<p><span style=\"color: #ff0000;\"><strong>Niveau:\u00a0C1.3<\/strong><\/span><\/p>\n<p>Underviser: Francesca Turri<\/p>\n<p>Undervisningsmateriale: <em>Il sistema periodico<\/em> af Primo Levi.<\/p>\n<p>Il corso si svolge interamente in italiano ed \u00e8 indirizzato a chi, partendo gi\u00e0 da un livello avanzato, desidera affinare la propria conoscenza della lingua. Durante il corso saranno proposti testi che rimandano a vari linguaggi specialistici (giornalistico, scientifico etc.), volti a stimolare 1) discussioni in classe e 2) l\u2019allineamento al registro adeguato per quanto concerne la produzione scritta.<\/p>\n<p><strong>Tirsdag kl. 10.00<\/strong>-11.50 (2\u00d750 min.) 27\/01 \u2013 12\/05 2026<\/p>\n<p><strong>Tilmeldingsfrist udl\u00f8bet<\/strong><\/p>\n<p><a href=\"https:\/\/event.it\/iiccopenaghen\/hold17\/token\/jti1\">Tilmeld dig her<\/a><\/p>\n<p>&nbsp;<\/p>\n<p><strong>\u00a0&#8212;&#8212;&#8212;&#8212;&#8212;&#8212;&#8212;&#8212;&#8212;&#8212;&#8212;&#8212;&#8212;&#8212;&#8212;&#8212;&#8212;&#8212;&#8212;&#8212;&#8212;&#8212;&#8212;&#8212;&#8212;&#8212;&#8212;&#8212;&#8212;&#8212;&#8212;&#8212;&#8212;&#8211;<\/strong><\/p>\n<p>&nbsp;<\/p>\n<p><strong>Priser:<\/strong><br \/>\n14 undervisningsgange af 2\u00d750 minutter: 1.750 kr. + tilmeldingsgebyr 92,50 kr. (Ved nedenst\u00e5ende rabat: 1.575 kr. + tilmeldingsgebyr 83,75 kr.)<\/p>\n<p><strong>Rabatter*:<\/strong><\/p>\n<ul>\n<li>\u201dF\u00f8rst til m\u00f8lle\u201d-rabat: 10 % rabat ved betaling senest d. 4. januar. Skriv rabatkode \u201cRABAT\u201d i den elektroniske tilmeldingsformular, hvor der bedes om en rabatkode.<\/li>\n<li>Medlemsrabat: 10% rabat for medlemmer af Kulturinstituttet eller Societ\u00e0 Dante Alighieri (med medlemskort for indev\u00e6rende \u00e5r.)\u00a0Skriv rabatkode \u201cMEDLEM\u201d i den elektroniske tilmeldingsformular, hvor der bedes om en rabatkode.<\/li>\n<\/ul>\n<p>* Man kan kun opn\u00e5 \u00e9n af ovenst\u00e5ende rabatter. Kursisten er selv ansvarlig for at opn\u00e5 rabat. Kulturinstituttet har ikke mulighed for efterf\u00f8lgende at tilbagebetale en eventuel difference, hvis rabatten ikke er medtaget ved betaling.<\/p>\n<p><strong>Niveauer:<\/strong><br \/>\nVores niveau-opdeling er baseret p\u00e5 den f\u00e6lleseurop\u00e6iske standard. Er du i tvivl om dit niveau, kan du finde en beskrivelse af de forskellige trin\u00a0<a href=\"https:\/\/europass.europa.eu\/da\/common-european-framework-reference-language-skills\"><strong>her<\/strong><\/a>. Det kan desuden v\u00e6re en god id\u00e9 at konsultere grundb\u00f8gerne for at danne sig en id\u00e9 om sv\u00e6rhedsgraden.<\/p>\n<p><strong>Undervisningsmateriale:<\/strong><\/p>\n<p>Det fremg\u00e5r af kursusbeskrivelsen hvilken bog, der bruges p\u00e5 de enkelte hold. Deltagerne bedes selv anskaffe sig grundbog, \u00f8velsesh\u00e6fte eller anden bog inden kursusstart.\u00a0<a href=\"https:\/\/iiccopenaghen.esteri.it\/da\/lingua-e-cultura\/i-corsi-di-lingua\/i-corsi-di-lingua-materiale-didattico\/\">Se her, hvor undervisningsmaterialet kan rekvireres.<\/a><\/p>\n<p><strong>Tilmelding og betaling:<\/strong><br \/>\nTilmelding og betaling skal ske elektronisk gennem links her p\u00e5 siden.<\/p>\n<p><strong>Bem\u00e6rk!<\/strong> Tilmeldingen er f\u00f8rst gyldig efter betaling. Efter d. 16. januar er tilmeldingen bindende.\u00a0\u00a0Hvis kurset ikke opn\u00e5r et tilstr\u00e6kkeligt antal tilmeldinger (min. 6), kan det ikke oprettes og i s\u00e5 fald returneres kursusgebyret (ekslusiv tilmeldingsgebyr).<\/p>\n<p>Tilmeldingsgebyret kan des\u00e6rre ikke returneres.<\/p>\n<p>NB: Der er ikke undervisning i vinterferien (uge 7), p\u00e5skeferien (uge 14) og Kr.Himmelfartsdag.<\/p>\n<p>&nbsp;<\/p>\n<p>Ved sp\u00f8rgsm\u00e5l send en mail til:\u00a0<a href=\"mailto:infoscuola.iiccopenaghen@esteri.it\">infoscuola.iiccopenaghen@esteri.it<\/a>.<\/p>\n<p><strong>Sidste frist for tilmelding og betaling er d. 16. januar 2026<\/strong><\/p>\n<p>&nbsp;<\/p>\n","protected":false},"excerpt":{"rendered":"Det Italienske Kulturinstitut udbyder italienskkurser to gange om \u00e5ret &#8211; i januar og i august. Kurserne str\u00e6kker sig over fjorten undervisningsgange. Hver lektion varer 2&#215;50 min. Holdene best\u00e5r af max. 13 kursister. Underviserne har alle italiensk som modersm\u00e5l.\u00a0Kursisterne har ogs\u00e5 mulighed for at l\u00e5ne italienske b\u00f8ger og film fra Instituttets bibliotek samt mulighed for certifikat [&hellip;]","protected":false},"author":1,"featured_media":0,"parent":77,"menu_order":0,"comment_status":"closed","ping_status":"closed","template":"","meta":{"footnotes":""},"class_list":["post-78","page","type-page","status-publish","hentry"],"_links":{"self":[{"href":"https:\/\/iiccopenaghen.esteri.it\/da\/wp-json\/wp\/v2\/pages\/78","targetHints":{"allow":["GET"]}}],"collection":[{"href":"https:\/\/iiccopenaghen.esteri.it\/da\/wp-json\/wp\/v2\/pages"}],"about":[{"href":"https:\/\/iiccopenaghen.esteri.it\/da\/wp-json\/wp\/v2\/types\/page"}],"author":[{"embeddable":true,"href":"https:\/\/iiccopenaghen.esteri.it\/da\/wp-json\/wp\/v2\/users\/1"}],"replies":[{"embeddable":true,"href":"https:\/\/iiccopenaghen.esteri.it\/da\/wp-json\/wp\/v2\/comments?post=78"}],"version-history":[{"count":22,"href":"https:\/\/iiccopenaghen.esteri.it\/da\/wp-json\/wp\/v2\/pages\/78\/revisions"}],"predecessor-version":[{"id":7479,"href":"https:\/\/iiccopenaghen.esteri.it\/da\/wp-json\/wp\/v2\/pages\/78\/revisions\/7479"}],"up":[{"embeddable":true,"href":"https:\/\/iiccopenaghen.esteri.it\/da\/wp-json\/wp\/v2\/pages\/77"}],"wp:attachment":[{"href":"https:\/\/iiccopenaghen.esteri.it\/da\/wp-json\/wp\/v2\/media?parent=78"}],"curies":[{"name":"wp","href":"https:\/\/api.w.org\/{rel}","templated":true}]}}