{"id":77,"date":"2023-04-03T20:30:34","date_gmt":"2023-04-03T18:30:34","guid":{"rendered":"https:\/\/iiccopenaghen.esteri.it\/lingua-e-cultura\/"},"modified":"2024-03-25T14:48:25","modified_gmt":"2024-03-25T13:48:25","slug":"lingua-e-cultura","status":"publish","type":"page","link":"https:\/\/iiccopenaghen.esteri.it\/da\/lingua-e-cultura\/","title":{"rendered":"Sprog og Kultur"},"content":{"rendered":"<p>Hvert \u00e5r f\u00f8lger en\u00a0 <strong>halv million<\/strong> studerende et italienskkursus uden for Italien og overalt p\u00e5 kloden.<\/p>\n<p><strong>Italiensk er et kultursprog<\/strong>. Behersker man italiensk, har man adgang til en litter\u00e6r og kulturel arv af s\u00e6rlig betydning for Europas historie, til v\u00e6rdifulde videnskabelige og humanistiske tekster, til teater, opera, musik og film.<\/p>\n<p><strong>Italiensk er et studiesprog<\/strong>. Hvert \u00e5r v\u00e6lger et stort antal udenlandske studerende at indskrive sig p\u00e5 skoler, universiteter og akademier i Italien.<\/p>\n<p><strong>Italiensk er et arbejdssprog<\/strong>. Managers, investorer, teknikere, arbejdsstyrker og arbejdere har kontakt til industrielle, h\u00e5ndv\u00e6rksrelaterede sektorer og til forskellige italienske services, der r\u00e6kker ud over landets gr\u00e6nser.<\/p>\n<p><strong>Taler man italiensk<\/strong>, er det en sand forn\u00f8jelse at bes\u00f8ge Italien med dets vidunderlige natur, kunst, smukke byer og g\u00e6stfrie folk.<\/p>\n","protected":false},"excerpt":{"rendered":"Hvert \u00e5r f\u00f8lger en\u00a0 halv million studerende et italienskkursus uden for Italien og overalt p\u00e5 kloden. Italiensk er et kultursprog. Behersker man italiensk, har man adgang til en litter\u00e6r og kulturel arv af s\u00e6rlig betydning for Europas historie, til v\u00e6rdifulde videnskabelige og humanistiske tekster, til teater, opera, musik og film. Italiensk er et studiesprog. Hvert [&hellip;]","protected":false},"author":1,"featured_media":0,"parent":0,"menu_order":4,"comment_status":"closed","ping_status":"closed","template":"","meta":{"footnotes":""},"class_list":["post-77","page","type-page","status-publish","hentry"],"_links":{"self":[{"href":"https:\/\/iiccopenaghen.esteri.it\/da\/wp-json\/wp\/v2\/pages\/77","targetHints":{"allow":["GET"]}}],"collection":[{"href":"https:\/\/iiccopenaghen.esteri.it\/da\/wp-json\/wp\/v2\/pages"}],"about":[{"href":"https:\/\/iiccopenaghen.esteri.it\/da\/wp-json\/wp\/v2\/types\/page"}],"author":[{"embeddable":true,"href":"https:\/\/iiccopenaghen.esteri.it\/da\/wp-json\/wp\/v2\/users\/1"}],"replies":[{"embeddable":true,"href":"https:\/\/iiccopenaghen.esteri.it\/da\/wp-json\/wp\/v2\/comments?post=77"}],"version-history":[{"count":5,"href":"https:\/\/iiccopenaghen.esteri.it\/da\/wp-json\/wp\/v2\/pages\/77\/revisions"}],"predecessor-version":[{"id":3242,"href":"https:\/\/iiccopenaghen.esteri.it\/da\/wp-json\/wp\/v2\/pages\/77\/revisions\/3242"}],"wp:attachment":[{"href":"https:\/\/iiccopenaghen.esteri.it\/da\/wp-json\/wp\/v2\/media?parent=77"}],"curies":[{"name":"wp","href":"https:\/\/api.w.org\/{rel}","templated":true}]}}