{"id":76,"date":"2023-04-03T20:55:02","date_gmt":"2023-04-03T18:55:02","guid":{"rendered":"https:\/\/iiccopenaghen.esteri.it\/chi-siamo\/la-sede\/"},"modified":"2026-04-29T15:10:38","modified_gmt":"2026-04-29T13:10:38","slug":"la-sede","status":"publish","type":"page","link":"https:\/\/iiccopenaghen.esteri.it\/da\/chi-siamo\/la-sede\/","title":{"rendered":"Kulturinstituttet"},"content":{"rendered":"<div class=\"sr-only\">\n<p><strong>Kulturinstituttets historie<\/strong><\/p>\n<p>Huset er beliggende i Hellerup, et elegant boligkvarter med ambassader, gallerier og museer, og blev bygget af den danske arkitekt Speyer i 1918-1919. Det er senere blevet klassificeret som arkitektonisk kulturarv af den lokale kommune.<\/p>\n<p>Villaen blev i 1966 overdraget til Italien af den danske stat med det form\u00e5l at fungere som et kulturinstitut. Det var oprindeligt en privat villa i \u00e9t plan, som senere blev renoveret af den danske arkitekt Martin Jensen. Den indre g\u00e5rdhave blev d\u00e6kket af et fladt tag, hvilket forvandlede rummet til det, der i dag udg\u00f8r et auditorium med perfekt akustik, hvor\u00a0 der afholdes foredrag, koncerter, filmvisninger, seminarer og teaterforestillinger. Bagved er to store stuer, hvor instituttets udstillinger afholdes, og som har udsigt over en rummelig have p\u00e5 1500 m2. ofte brugt til arrangementer og permanente udstillinger.<\/p>\n<p>I 1986 blev bygningen yderligere restaureret og udvidet med en f\u00f8rste sal, hvor der er bibliotek med l\u00e6sesal, bogopbevaring\/loft, g\u00e6stev\u00e6relse og en vindeltrappe med glasfacade, der forbinder grundetagen med biblioteket.<\/p>\n<p>Interi\u00f8ret, inspireret af arkitekten Gae Aulenti, best\u00e5r hovedsageligt af m\u00f8bler og boligtilbeh\u00f8r i italiensk design. Bygningen er udadtil et glimrende eksempel p\u00e5 dansk privatarkitektur fra begyndelsen af det tyvende \u00e5rhundrede, hvor \u00e6stetik kombineres med funktionalitet og overordnet harmoni for en rationel fordeling af rummene.<\/p>\n<p>Se Kulturinstituttets lokaler <a href=\"https:\/\/youtube.com\/shorts\/iLQykqGMrIY?feature=share\">HER.<\/a><\/p>\n<\/div>\n<div class=\"sr-only\">\n<p>&nbsp;<\/p>\n<\/div>\n","protected":false},"excerpt":{"rendered":"Kulturinstituttets historie Huset er beliggende i Hellerup, et elegant boligkvarter med ambassader, gallerier og museer, og blev bygget af den danske arkitekt Speyer i 1918-1919. Det er senere blevet klassificeret som arkitektonisk kulturarv af den lokale kommune. Villaen blev i 1966 overdraget til Italien af den danske stat med det form\u00e5l at fungere som et [&hellip;]","protected":false},"author":1,"featured_media":0,"parent":74,"menu_order":2,"comment_status":"closed","ping_status":"closed","template":"","meta":{"footnotes":""},"class_list":["post-76","page","type-page","status-publish","hentry"],"_links":{"self":[{"href":"https:\/\/iiccopenaghen.esteri.it\/da\/wp-json\/wp\/v2\/pages\/76","targetHints":{"allow":["GET"]}}],"collection":[{"href":"https:\/\/iiccopenaghen.esteri.it\/da\/wp-json\/wp\/v2\/pages"}],"about":[{"href":"https:\/\/iiccopenaghen.esteri.it\/da\/wp-json\/wp\/v2\/types\/page"}],"author":[{"embeddable":true,"href":"https:\/\/iiccopenaghen.esteri.it\/da\/wp-json\/wp\/v2\/users\/1"}],"replies":[{"embeddable":true,"href":"https:\/\/iiccopenaghen.esteri.it\/da\/wp-json\/wp\/v2\/comments?post=76"}],"version-history":[{"count":6,"href":"https:\/\/iiccopenaghen.esteri.it\/da\/wp-json\/wp\/v2\/pages\/76\/revisions"}],"predecessor-version":[{"id":12304,"href":"https:\/\/iiccopenaghen.esteri.it\/da\/wp-json\/wp\/v2\/pages\/76\/revisions\/12304"}],"up":[{"embeddable":true,"href":"https:\/\/iiccopenaghen.esteri.it\/da\/wp-json\/wp\/v2\/pages\/74"}],"wp:attachment":[{"href":"https:\/\/iiccopenaghen.esteri.it\/da\/wp-json\/wp\/v2\/media?parent=76"}],"curies":[{"name":"wp","href":"https:\/\/api.w.org\/{rel}","templated":true}]}}