{"id":7408,"date":"2025-07-18T12:50:01","date_gmt":"2025-07-18T10:50:01","guid":{"rendered":"https:\/\/iiccopenaghen.esteri.it\/?page_id=7408"},"modified":"2026-04-29T15:23:10","modified_gmt":"2026-04-29T13:23:10","slug":"leje-vores-lokaler","status":"publish","type":"page","link":"https:\/\/iiccopenaghen.esteri.it\/da\/chi-siamo\/la-sede\/leje-vores-lokaler\/","title":{"rendered":"Leje vores lokaler"},"content":{"rendered":"<p data-start=\"66\" data-end=\"166\">Det Italienske Kulturinstitut i K\u00f8benhavn tilbyder muligheden for at leje sit pragtfulde auditorium.<\/p>\n<p data-start=\"168\" data-end=\"442\">Auditoriet er en veludstyret multifunktionel sal, der egner sig til en bred vifte af arrangementer. Med en kapacitet p\u00e5 op til 200 personer, 110 tr\u00e6stole og 10 komfortable l\u00e6derl\u00e6nestole, kan rummet danne ramme om b\u00e5de st\u00f8rre begivenheder og mere intime sammenkomster.<\/p>\n<p data-start=\"444\" data-end=\"585\">Midt p\u00e5 scenen st\u00e5r et smukt Steinway-flygel p\u00e5 hjul, hvilket g\u00f8r auditoriet s\u00e6rligt velegnet til koncerter og musikalske optr\u00e6dener.<\/p>\n<p data-start=\"587\" data-end=\"877\">Rummet er desuden udstyret med en moderne Panasonic 4K-laserprojektor (model PT-MZ882), et l\u00e6rred i 16:9-format, et professionelt lydanl\u00e6g samt scenebelysning. Det g\u00f8r auditoriet ideelt til alt fra filmvisninger og foredrag til koncerter og andre kulturelle arrangementer.<\/p>\n<p data-start=\"879\" data-end=\"952\">Der er adgang til auditoriet b\u00e5de via en garderobe og fra hovedindgangen.<\/p>\n<p data-start=\"954\" data-end=\"1182\">Interi\u00f8ret er pr\u00e6get af italiensk design fra 1960\u2019erne, hvilket giver rummet en elegant og eksklusiv atmosf\u00e6re. Auditoriet r\u00e5der ogs\u00e5 over et kontrolrum med komplet teknisk udstyr, herunder lydsystem, mixer og videofunktioner.<\/p>\n<p data-start=\"1184\" data-end=\"1352\">St\u00f8dende op til auditoriet findes en rummelig garderobe samt toiletter, og g\u00e6ster har mulighed for at bes\u00f8ge instituttets udstillingslokaler, som l\u00f8bende huser kuraterede udstillinger.<\/p>\n<p>Lejepriser:<\/p>\n<ul>\n<li>6000 kr. for 4 timer.<\/li>\n<li>Hver ekstra time ud over de f\u00f8rste 4 timer: 1.000 kr.\/time.<\/li>\n<li>Klaverleje (ekstra): 1.000 kr.<\/li>\n<li>Projektorleje (ekstra): 1.000 kr.<\/li>\n<\/ul>\n<p>For yderligere information skriv til: iiccopenaghen@esteri.it<\/p>\n<p>&nbsp;<\/p>\n<p><img loading=\"lazy\" decoding=\"async\" class=\"alignnone size-medium wp-image-7413 img-fluid\" src=\"https:\/\/iiccopenaghen.esteri.it\/wp-content\/uploads\/2025\/07\/pianta-IIC-2-300x283.jpg\" alt=\"\" width=\"300\" height=\"283\" srcset=\"https:\/\/iiccopenaghen.esteri.it\/wp-content\/uploads\/2025\/07\/pianta-IIC-2-300x283.jpg 300w, https:\/\/iiccopenaghen.esteri.it\/wp-content\/uploads\/2025\/07\/pianta-IIC-2-1024x964.jpg 1024w, https:\/\/iiccopenaghen.esteri.it\/wp-content\/uploads\/2025\/07\/pianta-IIC-2-768x723.jpg 768w, https:\/\/iiccopenaghen.esteri.it\/wp-content\/uploads\/2025\/07\/pianta-IIC-2.jpg 1648w\" sizes=\"auto, (max-width: 300px) 100vw, 300px\" \/><\/p>\n<p>&nbsp;<\/p>\n<p><img loading=\"lazy\" decoding=\"async\" class=\"alignnone size-medium wp-image-7415 img-fluid\" src=\"https:\/\/iiccopenaghen.esteri.it\/wp-content\/uploads\/2025\/07\/Auditorium-3-300x226.jpg\" alt=\"\" width=\"300\" height=\"226\" srcset=\"https:\/\/iiccopenaghen.esteri.it\/wp-content\/uploads\/2025\/07\/Auditorium-3-300x226.jpg 300w, https:\/\/iiccopenaghen.esteri.it\/wp-content\/uploads\/2025\/07\/Auditorium-3-1024x771.jpg 1024w, https:\/\/iiccopenaghen.esteri.it\/wp-content\/uploads\/2025\/07\/Auditorium-3-768x578.jpg 768w, https:\/\/iiccopenaghen.esteri.it\/wp-content\/uploads\/2025\/07\/Auditorium-3.jpg 1788w\" sizes=\"auto, (max-width: 300px) 100vw, 300px\" \/><\/p>\n<p>&nbsp;<\/p>\n<p>&nbsp;<\/p>\n<p>&nbsp;<\/p>\n","protected":false},"excerpt":{"rendered":"Det Italienske Kulturinstitut i K\u00f8benhavn tilbyder muligheden for at leje sit pragtfulde auditorium. Auditoriet er en veludstyret multifunktionel sal, der egner sig til en bred vifte af arrangementer. Med en kapacitet p\u00e5 op til 200 personer, 110 tr\u00e6stole og 10 komfortable l\u00e6derl\u00e6nestole, kan rummet danne ramme om b\u00e5de st\u00f8rre begivenheder og mere intime sammenkomster. Midt [&hellip;]","protected":false},"author":6,"featured_media":0,"parent":76,"menu_order":0,"comment_status":"closed","ping_status":"closed","template":"","meta":{"footnotes":""},"class_list":["post-7408","page","type-page","status-publish","hentry"],"_links":{"self":[{"href":"https:\/\/iiccopenaghen.esteri.it\/da\/wp-json\/wp\/v2\/pages\/7408","targetHints":{"allow":["GET"]}}],"collection":[{"href":"https:\/\/iiccopenaghen.esteri.it\/da\/wp-json\/wp\/v2\/pages"}],"about":[{"href":"https:\/\/iiccopenaghen.esteri.it\/da\/wp-json\/wp\/v2\/types\/page"}],"author":[{"embeddable":true,"href":"https:\/\/iiccopenaghen.esteri.it\/da\/wp-json\/wp\/v2\/users\/6"}],"replies":[{"embeddable":true,"href":"https:\/\/iiccopenaghen.esteri.it\/da\/wp-json\/wp\/v2\/comments?post=7408"}],"version-history":[{"count":6,"href":"https:\/\/iiccopenaghen.esteri.it\/da\/wp-json\/wp\/v2\/pages\/7408\/revisions"}],"predecessor-version":[{"id":12317,"href":"https:\/\/iiccopenaghen.esteri.it\/da\/wp-json\/wp\/v2\/pages\/7408\/revisions\/12317"}],"up":[{"embeddable":true,"href":"https:\/\/iiccopenaghen.esteri.it\/da\/wp-json\/wp\/v2\/pages\/76"}],"wp:attachment":[{"href":"https:\/\/iiccopenaghen.esteri.it\/da\/wp-json\/wp\/v2\/media?parent=7408"}],"curies":[{"name":"wp","href":"https:\/\/api.w.org\/{rel}","templated":true}]}}