{"id":74,"date":"2023-04-03T20:29:59","date_gmt":"2023-04-03T18:29:59","guid":{"rendered":"https:\/\/iiccopenaghen.esteri.it\/chi-siamo\/"},"modified":"2026-04-30T10:05:10","modified_gmt":"2026-04-30T08:05:10","slug":"chi-siamo","status":"publish","type":"page","link":"https:\/\/iiccopenaghen.esteri.it\/da\/chi-siamo\/","title":{"rendered":"Hvem er vi"},"content":{"rendered":"<div class=\"sr-only\">\n<p data-start=\"0\" data-end=\"287\">Det Italienske Kulturinstitut i K\u00f8benhavn er en officiel institution under den italienske stat, hvis form\u00e5l er at fremme kendskabet til det italienske sprog og den italienske kultur i Danmark gennem afholdelse af kulturelle arrangementer, der styrker udvekslingen af id\u00e9er, kunst og videnskab.<\/p>\n<p data-start=\"289\" data-end=\"351\">Instituttet tilbyder yderligere kurser i italiensk sprog: Semesterlange kurser med start i august og i januar eller kortere intensivkurser i for\u00e5ret og efter\u00e5ret.<\/p>\n<p>Instituttet huser et bibliotek til r\u00e5dighed for instituttets medlemmer og kursister, hvor man kan l\u00e6se og l\u00e5ne italienske b\u00f8ger \u2013 enten p\u00e5 italiensk eller oversat til dansk (udl\u00e5n af dvd\u2019er er forbeholdt undervisere og institutioner)<\/p>\n<p data-start=\"590\" data-end=\"759\" data-is-last-node=\"\" data-is-only-node=\"\">Instituttet samarbejder ofte med lokale kunst- og kulturinstitutioner og foreninger samt museer ved afholdelsen af visse koncerter, film- og teaterfestivaler, kunstudstillinger samt st\u00f8rre samarbejder.<\/p>\n<p data-start=\"590\" data-end=\"759\" data-is-last-node=\"\" data-is-only-node=\"\">\n<\/div>\n","protected":false},"excerpt":{"rendered":"Det Italienske Kulturinstitut i K\u00f8benhavn er en officiel institution under den italienske stat, hvis form\u00e5l er at fremme kendskabet til det italienske sprog og den italienske kultur i Danmark gennem afholdelse af kulturelle arrangementer, der styrker udvekslingen af id\u00e9er, kunst og videnskab. Instituttet tilbyder yderligere kurser i italiensk sprog: Semesterlange kurser med start i august [&hellip;]","protected":false},"author":1,"featured_media":0,"parent":0,"menu_order":2,"comment_status":"closed","ping_status":"closed","template":"","meta":{"footnotes":""},"class_list":["post-74","page","type-page","status-publish","hentry"],"_links":{"self":[{"href":"https:\/\/iiccopenaghen.esteri.it\/da\/wp-json\/wp\/v2\/pages\/74","targetHints":{"allow":["GET"]}}],"collection":[{"href":"https:\/\/iiccopenaghen.esteri.it\/da\/wp-json\/wp\/v2\/pages"}],"about":[{"href":"https:\/\/iiccopenaghen.esteri.it\/da\/wp-json\/wp\/v2\/types\/page"}],"author":[{"embeddable":true,"href":"https:\/\/iiccopenaghen.esteri.it\/da\/wp-json\/wp\/v2\/users\/1"}],"replies":[{"embeddable":true,"href":"https:\/\/iiccopenaghen.esteri.it\/da\/wp-json\/wp\/v2\/comments?post=74"}],"version-history":[{"count":6,"href":"https:\/\/iiccopenaghen.esteri.it\/da\/wp-json\/wp\/v2\/pages\/74\/revisions"}],"predecessor-version":[{"id":12318,"href":"https:\/\/iiccopenaghen.esteri.it\/da\/wp-json\/wp\/v2\/pages\/74\/revisions\/12318"}],"wp:attachment":[{"href":"https:\/\/iiccopenaghen.esteri.it\/da\/wp-json\/wp\/v2\/media?parent=74"}],"curies":[{"name":"wp","href":"https:\/\/api.w.org\/{rel}","templated":true}]}}