{"id":5213,"date":"2024-12-23T09:54:48","date_gmt":"2024-12-23T08:54:48","guid":{"rendered":"https:\/\/iiccopenaghen.esteri.it\/?page_id=5213"},"modified":"2024-12-23T10:11:12","modified_gmt":"2024-12-23T09:11:12","slug":"aabningstider","status":"publish","type":"page","link":"https:\/\/iiccopenaghen.esteri.it\/da\/chi-siamo\/la-sede\/aabningstider\/","title":{"rendered":"\u00c5bningstider"},"content":{"rendered":"<p>Instituttet er \u00e5bent for offentligheden p\u00e5 f\u00f8lgende tidspunkter:<\/p>\n<p>&nbsp;<\/p>\n<table>\n<tbody>\n<tr>\n<td width=\"69\">Mandag<\/td>\n<td width=\"40\">09\u201317<\/td>\n<\/tr>\n<tr>\n<td width=\"69\">Tirsdag<\/td>\n<td width=\"40\">09\u201317<\/td>\n<\/tr>\n<tr>\n<td width=\"69\">Onsdag<\/td>\n<td width=\"40\">09\u201316<\/td>\n<\/tr>\n<tr>\n<td width=\"69\">Torsdag<\/td>\n<td width=\"40\">09\u201316<\/td>\n<\/tr>\n<tr>\n<td width=\"69\">Fredag<\/td>\n<td width=\"40\">09\u201315<\/td>\n<\/tr>\n<tr>\n<td width=\"69\">L\u00f8rdag<\/td>\n<td width=\"40\">Chiuso<\/td>\n<\/tr>\n<tr>\n<td width=\"69\">S\u00f8ndag<\/td>\n<td width=\"40\">Chiuso<\/td>\n<\/tr>\n<\/tbody>\n<\/table>\n<p>&nbsp;<\/p>\n<p>Undtagelser er dage med s\u00e6rlige arrangementer og aftenarrangementer.<\/p>\n<p>For disse henvises til annonceringen af \u200b\u200bde enkelte arrangementer.<\/p>\n","protected":false},"excerpt":{"rendered":"Instituttet er \u00e5bent for offentligheden p\u00e5 f\u00f8lgende tidspunkter: &nbsp; Mandag 09\u201317 Tirsdag 09\u201317 Onsdag 09\u201316 Torsdag 09\u201316 Fredag 09\u201315 L\u00f8rdag Chiuso S\u00f8ndag Chiuso &nbsp; Undtagelser er dage med s\u00e6rlige arrangementer og aftenarrangementer. For disse henvises til annonceringen af \u200b\u200bde enkelte arrangementer.","protected":false},"author":6,"featured_media":0,"parent":76,"menu_order":0,"comment_status":"closed","ping_status":"closed","template":"","meta":{"footnotes":""},"class_list":["post-5213","page","type-page","status-publish","hentry"],"_links":{"self":[{"href":"https:\/\/iiccopenaghen.esteri.it\/da\/wp-json\/wp\/v2\/pages\/5213","targetHints":{"allow":["GET"]}}],"collection":[{"href":"https:\/\/iiccopenaghen.esteri.it\/da\/wp-json\/wp\/v2\/pages"}],"about":[{"href":"https:\/\/iiccopenaghen.esteri.it\/da\/wp-json\/wp\/v2\/types\/page"}],"author":[{"embeddable":true,"href":"https:\/\/iiccopenaghen.esteri.it\/da\/wp-json\/wp\/v2\/users\/6"}],"replies":[{"embeddable":true,"href":"https:\/\/iiccopenaghen.esteri.it\/da\/wp-json\/wp\/v2\/comments?post=5213"}],"version-history":[{"count":2,"href":"https:\/\/iiccopenaghen.esteri.it\/da\/wp-json\/wp\/v2\/pages\/5213\/revisions"}],"predecessor-version":[{"id":5217,"href":"https:\/\/iiccopenaghen.esteri.it\/da\/wp-json\/wp\/v2\/pages\/5213\/revisions\/5217"}],"up":[{"embeddable":true,"href":"https:\/\/iiccopenaghen.esteri.it\/da\/wp-json\/wp\/v2\/pages\/76"}],"wp:attachment":[{"href":"https:\/\/iiccopenaghen.esteri.it\/da\/wp-json\/wp\/v2\/media?parent=5213"}],"curies":[{"name":"wp","href":"https:\/\/api.w.org\/{rel}","templated":true}]}}