{"id":5092,"date":"2024-11-26T15:17:06","date_gmt":"2024-11-26T14:17:06","guid":{"rendered":"https:\/\/iiccopenaghen.esteri.it\/chi-siamo\/la-sede\/thorvaldsens-weeds\/"},"modified":"2025-12-02T16:06:12","modified_gmt":"2025-12-02T15:06:12","slug":"thorvaldsens-weeds","status":"publish","type":"page","link":"https:\/\/iiccopenaghen.esteri.it\/da\/chi-siamo\/la-sede\/thorvaldsens-weeds\/","title":{"rendered":"Skulptur-haven"},"content":{"rendered":"<p><img loading=\"lazy\" decoding=\"async\" class=\"img-fluid alignleft wp-image-9524 size-full\" src=\"https:\/\/iiccopenaghen.esteri.it\/wp-content\/uploads\/2025\/10\/Il-Giardino-di-Sculture.png\" alt=\"\" width=\"835\" height=\"973\" srcset=\"https:\/\/iiccopenaghen.esteri.it\/wp-content\/uploads\/2025\/10\/Il-Giardino-di-Sculture.png 835w, https:\/\/iiccopenaghen.esteri.it\/wp-content\/uploads\/2025\/10\/Il-Giardino-di-Sculture-257x300.png 257w, https:\/\/iiccopenaghen.esteri.it\/wp-content\/uploads\/2025\/10\/Il-Giardino-di-Sculture-768x895.png 768w\" sizes=\"auto, (max-width: 835px) 100vw, 835px\" \/><\/p>\n<p style=\"text-align: center;\">&#8220;Arte Open Air&#8221; er et dynamisk kunstnerisk projekt, der blev lanceret af Det Italienske Kulturinstitut i 2019 med det form\u00e5l at skabe et udstillingsrum for udend\u00f8rs installationer, der skal promovere den Italienske samtidskunst i Danmark.<\/p>\n<p style=\"text-align: center;\">For at f\u00e5 mere oplysninger, bes\u00f8g denne her <a href=\"https:\/\/qrcc.me\/t2q4vc6yu190?s=url\">LINK<\/a><\/p>\n<p>&nbsp;<\/p>\n<p style=\"text-align: center;\">Eller brug denne her QR:<\/p>\n<p style=\"text-align: center;\"><img loading=\"lazy\" decoding=\"async\" class=\"alignnone size-full wp-image-9569 img-fluid\" src=\"https:\/\/iiccopenaghen.esteri.it\/wp-content\/uploads\/2025\/10\/QR-opere-giardino-1.png\" alt=\"\" width=\"275\" height=\"290\" \/><\/p>\n<p>&nbsp;<\/p>\n<p>&nbsp;<\/p>\n<p>&nbsp;<\/p>\n<p>&nbsp;<\/p>\n<p>&nbsp;<\/p>\n<p>&nbsp;<\/p>\n<p>&nbsp;<\/p>\n<p>&nbsp;<\/p>\n<p>&nbsp;<\/p>\n<p>&nbsp;<\/p>\n<p>&nbsp;<\/p>\n<p>&nbsp;<\/p>\n<p>&nbsp;<\/p>\n<p>&nbsp;<\/p>\n<p>&nbsp;<\/p>\n<p>&nbsp;<\/p>\n<p>&nbsp;<\/p>\n<p>&nbsp;<\/p>\n<p>&nbsp;<\/p>\n<p>&nbsp;<\/p>\n<p>&nbsp;<\/p>\n<p>&nbsp;<\/p>\n<p>&nbsp;<\/p>\n","protected":false},"excerpt":{"rendered":"&#8220;Arte Open Air&#8221; er et dynamisk kunstnerisk projekt, der blev lanceret af Det Italienske Kulturinstitut i 2019 med det form\u00e5l at skabe et udstillingsrum for udend\u00f8rs installationer, der skal promovere den Italienske samtidskunst i Danmark. For at f\u00e5 mere oplysninger, bes\u00f8g denne her LINK &nbsp; Eller brug denne her QR: &nbsp; &nbsp; &nbsp; &nbsp; &nbsp; [&hellip;]","protected":false},"author":3,"featured_media":3844,"parent":76,"menu_order":0,"comment_status":"closed","ping_status":"closed","template":"","meta":{"footnotes":""},"class_list":["post-5092","page","type-page","status-publish","has-post-thumbnail","hentry"],"_links":{"self":[{"href":"https:\/\/iiccopenaghen.esteri.it\/da\/wp-json\/wp\/v2\/pages\/5092","targetHints":{"allow":["GET"]}}],"collection":[{"href":"https:\/\/iiccopenaghen.esteri.it\/da\/wp-json\/wp\/v2\/pages"}],"about":[{"href":"https:\/\/iiccopenaghen.esteri.it\/da\/wp-json\/wp\/v2\/types\/page"}],"author":[{"embeddable":true,"href":"https:\/\/iiccopenaghen.esteri.it\/da\/wp-json\/wp\/v2\/users\/3"}],"replies":[{"embeddable":true,"href":"https:\/\/iiccopenaghen.esteri.it\/da\/wp-json\/wp\/v2\/comments?post=5092"}],"version-history":[{"count":10,"href":"https:\/\/iiccopenaghen.esteri.it\/da\/wp-json\/wp\/v2\/pages\/5092\/revisions"}],"predecessor-version":[{"id":10642,"href":"https:\/\/iiccopenaghen.esteri.it\/da\/wp-json\/wp\/v2\/pages\/5092\/revisions\/10642"}],"up":[{"embeddable":true,"href":"https:\/\/iiccopenaghen.esteri.it\/da\/wp-json\/wp\/v2\/pages\/76"}],"wp:featuredmedia":[{"embeddable":true,"href":"https:\/\/iiccopenaghen.esteri.it\/da\/wp-json\/wp\/v2\/media\/3844"}],"wp:attachment":[{"href":"https:\/\/iiccopenaghen.esteri.it\/da\/wp-json\/wp\/v2\/media?parent=5092"}],"curies":[{"name":"wp","href":"https:\/\/api.w.org\/{rel}","templated":true}]}}