{"id":5036,"date":"2024-11-19T10:18:20","date_gmt":"2024-11-19T09:18:20","guid":{"rendered":"https:\/\/iiccopenaghen.esteri.it\/?page_id=5036"},"modified":"2024-12-18T15:42:58","modified_gmt":"2024-12-18T14:42:58","slug":"italien-i-danmark","status":"publish","type":"page","link":"https:\/\/iiccopenaghen.esteri.it\/da\/chi-siamo\/la-sede\/italien-i-danmark\/","title":{"rendered":"Italien i Danmark"},"content":{"rendered":"<p>I Danmark er der talrige foreninger, der besk\u00e6ftiger sig med Italien, med italiensk kunst, kultur og sprog.<\/p>\n<p>Det Italienske Kulturinstitut har et langt samarbejde med mange af f\u00f8lgende foreninger:<\/p>\n<p>&nbsp;<\/p>\n<h3><img loading=\"lazy\" decoding=\"async\" class=\"\" src=\"https:\/\/iiccopenaghen.esteri.it\/wp-content\/uploads\/2024\/09\/Societa_Dante_Alighieri_logo.svg_-1024x949.png\" alt=\"\" width=\"135\" height=\"125\" \/><\/h3>\n<h3>Societ\u00e0 Dante Alighieri<\/h3>\n<p>La Societ\u00e0 Dante Alighieri er en non-profit kulturforening, ledet af frivillige og finansieret gennem medlemskab, organiseret i lokale foreninger spredt over hele verden. I dag er der 87 foreninger i Italien og 423 i udlandet.<\/p>\n<p>Societ\u00e0 Dante Alighieri K\u00f8benhavn <a href=\"https:\/\/www.dante-alighieri-cph.dk\/\">Chi siamo &#8211; Dante Alighieri Cph<\/a><\/p>\n<p>Societ\u00e0 Dante Alighieri Aarhus <a href=\"http:\/\/www.dante-alighieri.dk\/aarhus\">www.dante-alighieri.dk\/aarhus<\/a><\/p>\n<p>Societ\u00e0 Dante Alighieri Odense\u00a0 <a href=\"https:\/\/www.dante-alighieri.dk\/odense\/\">www.dante-alighieri.dk\/odense<\/a><\/p>\n<p>Societ\u00e0 Dante Alighieri Syd\u00f8st-Jylland <a href=\"https:\/\/www.dante-alighieri.dk\/sydoest-jylland\/\">www.dante-alighieri.dk\/sydoest-jylland<\/a><\/p>\n<p>Societ\u00e0 Dante Alighieri Sydvest-Jylland <a href=\"https:\/\/www.dante-alighieri.dk\/sydvest-jylland\/\">www.dante-alighieri.dk\/sydvest-jylland<\/a><\/p>\n<p>&nbsp;<\/p>\n<p><img loading=\"lazy\" decoding=\"async\" class=\"size-thumbnail wp-image-5098 img-fluid alignleft\" src=\"https:\/\/iiccopenaghen.esteri.it\/wp-content\/uploads\/2024\/11\/Italiensk-kandidatforening-3-150x150.jpg\" alt=\"\" width=\"150\" height=\"150\" srcset=\"https:\/\/iiccopenaghen.esteri.it\/wp-content\/uploads\/2024\/11\/Italiensk-kandidatforening-3-150x150.jpg 150w, https:\/\/iiccopenaghen.esteri.it\/wp-content\/uploads\/2024\/11\/Italiensk-kandidatforening-3-300x298.jpg 300w, https:\/\/iiccopenaghen.esteri.it\/wp-content\/uploads\/2024\/11\/Italiensk-kandidatforening-3.jpg 587w\" sizes=\"auto, (max-width: 150px) 100vw, 150px\" \/><\/p>\n<h3><\/h3>\n<h3><\/h3>\n<h3><\/h3>\n<h3><\/h3>\n<h3>Italiensk kandidatforening<\/h3>\n<p>Italiensk Kandidatforening er en alumneforening for kandidater og bachelorer i italiensk fra K\u00f8benhavns Universitet. Italiensk Kandidatforening afholder en r\u00e6kke italienskrelaterede arrangementer, som henvender sig til alle med interesse i italiensk kultur og sprog.<\/p>\n<p><a href=\"https:\/\/engerom.ku.dk\/ominstituttet\/alumne\/italiensk-kandidatforening\/?fbclid=IwY2xjawGivZhleHRuA2FlbQIxMAABHRj3gpQgW6m9gnw5USLhn7FeJmvX6W8G9UPrkbTQD_L7Asowy_2ntB2vJQ_aem_hdbthYInojJ3sQY2PI9JKg\">Italiensk Kandidatforening \u2013 K\u00f8benhavns Universitet<\/a><\/p>\n<p>&nbsp;<\/p>\n<h3><img loading=\"lazy\" decoding=\"async\" class=\"\" src=\"https:\/\/iiccopenaghen.esteri.it\/wp-content\/uploads\/2024\/11\/Danitacom-logo.png\" alt=\"\" width=\"133\" height=\"133\" \/><\/h3>\n<h3>Det Italienske Handelskammer<\/h3>\n<p>Det Italienske Handelskammer i Danmark har til form\u00e5l at v\u00e6re en aktiv, dynamisk og effektiv partner, med det form\u00e5l at forbedre forretningsmulighederne mellem Italien og Danmark i nutiden og fremtiden, ved at levere relevant information og solide forretningsforbindelser.<\/p>\n<p><a href=\"https:\/\/www.danitacom.org\/\">www.danitacom.org<\/a><\/p>\n<p>&nbsp;<\/p>\n<h3><img loading=\"lazy\" decoding=\"async\" class=\"\" src=\"https:\/\/iiccopenaghen.esteri.it\/wp-content\/uploads\/2024\/08\/Comites-logo.png\" alt=\"\" width=\"136\" height=\"88\" \/><\/h3>\n<h3>Comites<\/h3>\n<p>Comites foreningerne er organer, der er ansvarlige for at repr\u00e6sentere behovene hos italienske borgere, der er bosat i udlandet, i forhold til konsul\u00e6re kontorer, som de samarbejder med for at identificere det italienske samfunds sociale, kulturelle og civile behov i udlandet.<\/p>\n<p><a href=\"https:\/\/www.comites.dk\/\">Comites.dk<\/a><\/p>\n<p>&nbsp;<\/p>\n<h3><img loading=\"lazy\" decoding=\"async\" class=\" img-fluid alignleft wp-image-5017 \" src=\"https:\/\/iiccopenaghen.esteri.it\/wp-content\/uploads\/2024\/11\/Comitato-Pro-Scuola-2.png\" alt=\"\" width=\"136\" height=\"57\" srcset=\"https:\/\/iiccopenaghen.esteri.it\/wp-content\/uploads\/2024\/11\/Comitato-Pro-Scuola-2.png 919w, https:\/\/iiccopenaghen.esteri.it\/wp-content\/uploads\/2024\/11\/Comitato-Pro-Scuola-2-300x126.png 300w, https:\/\/iiccopenaghen.esteri.it\/wp-content\/uploads\/2024\/11\/Comitato-Pro-Scuola-2-768x322.png 768w\" sizes=\"auto, (max-width: 136px) 100vw, 136px\" \/><\/h3>\n<h3><\/h3>\n<h3><\/h3>\n<h3>Comitato Pro-scuola<\/h3>\n<p>Comitato Pro Scuola Italiana i Danmark er en for\u00e6ldreforening, aktiv siden 1979, som fremmer undervisningsaktiviteter for tosprogede b\u00f8rn med fokus p\u00e5 det italienske sprog.<br \/>\nI l\u00f8bet af de sidste fem \u00e5r har de introduceret adskillige nye uddannelses- og rekreative projekter og initiativer.<\/p>\n<p><a href=\"https:\/\/comitatoproscuola.org\/\">CPSI \u2013 Comitato Pro-Scuola Italiana in Danimarca<\/a><\/p>\n<p>&nbsp;<\/p>\n<h3><img loading=\"lazy\" decoding=\"async\" src=\"https:\/\/iiccopenaghen.esteri.it\/wp-content\/uploads\/2024\/11\/Arsid-logo.png\" alt=\"\" width=\"138\" height=\"29\" \/><\/h3>\n<h3><span style=\"font-size: 16px;\">Arsid\u00a0 &#8211;\u00a0 <\/span><span style=\"font-size: 16px;\">Associazione Ricercatori e Scienziati Italiani in Danimarca<\/span><\/h3>\n<p>Foreningen for \u200b\u200bitalienske Forskere i Danmark (Associazione dei Ricercatori e Scienziati Italiani in Danimarca \/ ARSID) blev lanceret for f\u00f8rste gang I anledning af den internationale dag for italiensk forskning, Giornata della Ricerca Italiana nel mondo, 2021, takket v\u00e6re samarbejdet med Professor Emeritus ved DTU, Leonardo De Chiffre.<\/p>\n<p>ARSID er en non-profit forening, \u00e5ben for alle italienske forskere i Danmark og for danske forskere med forskningserfaring i Italien, som har til form\u00e5l at facilitere netv\u00e6rk og samarbejde, gennem f\u00e6lles forsknings- og udviklingsprojekter, blandt forskere, professionelle og institutioner.<\/p>\n<p>ARSID har i dag over 200 medlemmer og d\u00e6kker omr\u00e5derne Life Sciences (LS), Physical and Engineering Sciences (PE) og Social Sciences and Humanities (SH).<\/p>\n<p dir=\"ltr\"><a href=\"http:\/\/www.arsid.org\">www.arsid.org<\/a><\/p>\n<p>&nbsp;<\/p>\n<p><img loading=\"lazy\" decoding=\"async\" src=\"https:\/\/iiccopenaghen.esteri.it\/wp-content\/uploads\/2024\/11\/KU-logo.png\" alt=\"\" width=\"135\" height=\"184\" \/><\/p>\n<h3 dir=\"ltr\">Institut for Engelsk, Germansk og Romansk<\/h3>\n<p dir=\"ltr\">Italienskstudiet ved K\u00f8benhavns Universitet<\/p>\n<p dir=\"ltr\"><a href=\"https:\/\/www.ku.dk\/studier\/bachelor\/italiensk-sprog-og-kultur\">Bachelor i italiensk sprog og kultur &#8211; Studier<\/a><\/p>\n<p>&nbsp;<\/p>\n<p><img loading=\"lazy\" decoding=\"async\" class=\"alignleft\" src=\"https:\/\/iiccopenaghen.esteri.it\/wp-content\/uploads\/2024\/11\/DIAA.png\" alt=\"\" width=\"135\" height=\"80\" \/><\/p>\n<h3 dir=\"ltr\"><\/h3>\n<h3 dir=\"ltr\"><\/h3>\n<h3 dir=\"ltr\">DIAA\u00a0 &#8211;\u00a0\u00a0Danish Italian Art Association<\/h3>\n<p>DIAA &#8220;Danish Italian Art Association&#8221; blev stiftet i 2021 og promoverer dansk samtidskunst i Italien og italiensk kunst i Danmark.<\/p>\n<p><a href=\"http:\/\/www.danskitalienskkunstforening.dk\">www.danskitalienskkunstforening.dk<\/a><\/p>\n<p>&nbsp;<\/p>\n<h3><img loading=\"lazy\" decoding=\"async\" class=\"\" src=\"https:\/\/iiccopenaghen.esteri.it\/wp-content\/uploads\/2024\/04\/SPQR.png\" alt=\"\" width=\"135\" height=\"62\" \/><\/h3>\n<h3>SPQR Romselskabet<\/h3>\n<p>Romselskabet S.P.Q.R. blev stiftet i 2009 og foreningen besk\u00e6ftiger sig med alle facetter af den italienske hovedstad.<br \/>\nRomselskabet S.P.Q.R. er ogs\u00e5 et f\u00e6llesskab blandt medlemmer; et f\u00e6llesskab, der er opst\u00e5et dels gennem rejser og dels gennem arrangementer, som ofte afsluttes med et f\u00e6lles m\u00e5ltid.<\/p>\n<p><a href=\"https:\/\/romselskabet-spqr.dk\/\">Romselskabet S.P.Q.R. | Romselskabet S.P.Q.R. \u2013 romersk kultur ad libitum<\/a><\/p>\n<p>&nbsp;<\/p>\n<h2><img loading=\"lazy\" decoding=\"async\" class=\"img-fluid alignleft wp-image-5020 \" src=\"https:\/\/iiccopenaghen.esteri.it\/wp-content\/uploads\/2024\/11\/Incantos-2.png\" alt=\"\" width=\"138\" height=\"86\" \/><\/h2>\n<h2><\/h2>\n<h2><\/h2>\n<h3>Incantos<\/h3>\n<p>Incantos er en sardisk kulturforening stiftet i K\u00f8benhavn.<\/p>\n<p><a href=\"https:\/\/www.facebook.com\/IncantosDK\/\">www.facebook.com\/IncantosDK<\/a><\/p>\n<p>&nbsp;<\/p>\n<h3><img loading=\"lazy\" decoding=\"async\" class=\"img-fluid alignleft wp-image-5018 \" src=\"https:\/\/iiccopenaghen.esteri.it\/wp-content\/uploads\/2024\/11\/Hoejskolen-paa-Sicilien-logo-2.png\" alt=\"\" width=\"135\" height=\"102\" srcset=\"https:\/\/iiccopenaghen.esteri.it\/wp-content\/uploads\/2024\/11\/Hoejskolen-paa-Sicilien-logo-2.png 814w, https:\/\/iiccopenaghen.esteri.it\/wp-content\/uploads\/2024\/11\/Hoejskolen-paa-Sicilien-logo-2-300x226.png 300w, https:\/\/iiccopenaghen.esteri.it\/wp-content\/uploads\/2024\/11\/Hoejskolen-paa-Sicilien-logo-2-768x579.png 768w\" sizes=\"auto, (max-width: 135px) 100vw, 135px\" \/><\/h3>\n<h3><\/h3>\n<h3><\/h3>\n<h3><\/h3>\n<h3>H\u00f8jskolen p\u00e5 Sicilien<\/h3>\n<p>H\u00f8jskolen p\u00e5 Sicilien arrangerer kurser p\u00e5 Sicilien med mange forskellige temaer:\u00a0Siciliens kunstskatte, de gamle kulturer p\u00e5 \u00f8en, helgenerne p\u00e5 Sicilien, pilgrimsrejser, katolske traditioner, sk\u00f8nhed og poesi p\u00e5 Sicilien, siciliansk mad og vin, det italienske sprog, Vin og vulkaner osv. samt kreative kurser som keramik, tegning, grafik, foto, maleri og andre sp\u00e6ndende undervisningsforl\u00f8b.<\/p>\n<p><a href=\"https:\/\/www.hoejskolensicilien.dk\/\">H\u00f8jskolen p\u00e5 Sicilien<\/a><\/p>\n<p>&nbsp;<\/p>\n<h3><img loading=\"lazy\" decoding=\"async\" class=\"\" src=\"https:\/\/iiccopenaghen.esteri.it\/wp-content\/uploads\/2024\/11\/iis-1024x213.png\" alt=\"\" width=\"136\" height=\"28\" \/><\/h3>\n<h3>Italien Information Service<\/h3>\n<p>Italien Information Service er et lille rejsebureau med speciale i rejser til Italien, samt bogsalg og meget mere.<\/p>\n<p><a href=\"https:\/\/www.iis.dk\/\">www.iis.dk<\/a><\/p>\n<p>&nbsp;<\/p>\n<h3><img loading=\"lazy\" decoding=\"async\" src=\"https:\/\/iiccopenaghen.esteri.it\/wp-content\/uploads\/2024\/11\/il-ponte-logo-150x150.png\" alt=\"\" width=\"133\" height=\"133\" \/><\/h3>\n<h3>Il ponte<\/h3>\n<p>Italiensk-dansk magasin, som udkommer fire gange om \u00e5ret, redigeret af Grazia Mirabelli.<\/p>\n<p><a href=\"http:\/\/www.ilponte.dk\">www.ilponte.dk<\/a><\/p>\n<p>&nbsp;<\/p>\n","protected":false},"excerpt":{"rendered":"I Danmark er der talrige foreninger, der besk\u00e6ftiger sig med Italien, med italiensk kunst, kultur og sprog. Det Italienske Kulturinstitut har et langt samarbejde med mange af f\u00f8lgende foreninger: &nbsp; Societ\u00e0 Dante Alighieri La Societ\u00e0 Dante Alighieri er en non-profit kulturforening, ledet af frivillige og finansieret gennem medlemskab, organiseret i lokale foreninger spredt over hele [&hellip;]","protected":false},"author":6,"featured_media":0,"parent":76,"menu_order":0,"comment_status":"closed","ping_status":"closed","template":"","meta":{"footnotes":""},"class_list":["post-5036","page","type-page","status-publish","hentry"],"_links":{"self":[{"href":"https:\/\/iiccopenaghen.esteri.it\/da\/wp-json\/wp\/v2\/pages\/5036","targetHints":{"allow":["GET"]}}],"collection":[{"href":"https:\/\/iiccopenaghen.esteri.it\/da\/wp-json\/wp\/v2\/pages"}],"about":[{"href":"https:\/\/iiccopenaghen.esteri.it\/da\/wp-json\/wp\/v2\/types\/page"}],"author":[{"embeddable":true,"href":"https:\/\/iiccopenaghen.esteri.it\/da\/wp-json\/wp\/v2\/users\/6"}],"replies":[{"embeddable":true,"href":"https:\/\/iiccopenaghen.esteri.it\/da\/wp-json\/wp\/v2\/comments?post=5036"}],"version-history":[{"count":6,"href":"https:\/\/iiccopenaghen.esteri.it\/da\/wp-json\/wp\/v2\/pages\/5036\/revisions"}],"predecessor-version":[{"id":5189,"href":"https:\/\/iiccopenaghen.esteri.it\/da\/wp-json\/wp\/v2\/pages\/5036\/revisions\/5189"}],"up":[{"embeddable":true,"href":"https:\/\/iiccopenaghen.esteri.it\/da\/wp-json\/wp\/v2\/pages\/76"}],"wp:attachment":[{"href":"https:\/\/iiccopenaghen.esteri.it\/da\/wp-json\/wp\/v2\/media?parent=5036"}],"curies":[{"name":"wp","href":"https:\/\/api.w.org\/{rel}","templated":true}]}}