{"id":2178,"date":"2023-11-30T11:06:41","date_gmt":"2023-11-30T10:06:41","guid":{"rendered":"https:\/\/iiccopenaghen.esteri.it\/amministrazione-trasparente\/articolazione-degli-uffici\/diventare-socio\/"},"modified":"2026-01-07T10:30:57","modified_gmt":"2026-01-07T09:30:57","slug":"diventare-socio","status":"publish","type":"page","link":"https:\/\/iiccopenaghen.esteri.it\/da\/chi-siamo\/la-sede\/diventare-socio\/","title":{"rendered":"Bliv medlem af Det Italienske Kulturinstitut"},"content":{"rendered":"<p>Medlemskab af Kulturinstituttet koster\u00a0<strong>350 kr<\/strong>. om \u00e5ret (250 kr for studerende, pensionister og medlemmer af foreningen Societ\u00e0 Dante Alighieri).<\/p>\n<p>Som medlem f\u00e5r man tilsendt et medlemskort, som har et \u00e5rs gyldighed.<\/p>\n<p>Medlemskabet giver mulighed for at l\u00e5ne fra Instituttets bibliotek (1 m\u00e5neds l\u00e5n). Samtidig er der fri entr\u00e9 til egne arrangementer i det Italienske Kulturinstituts lokaler. (Instituttets lokaler kan udlejes til private eller til foreninger. I s\u00e5 fald kan entr\u00e9 mod betaling forekomme). Kortet giver ogs\u00e5 mulighed for reducerede entr\u00e9priser ved nogle af de kulturelle arrangementer, som det Italienske Kulturinstitut organiserer i samarbejde med danske institutioner s\u00e5som biografer, teatre, museer o.s.v.<\/p>\n<p>&nbsp;<\/p>\n<p>For at blive medlem er det n\u00f8dvendigt at indbetale\u00a0<strong>350 kr<\/strong> (250 kr for studerende, pensionister og medlemmer af foreningen Societ\u00e0 Dante Alighieri) p\u00e5 bankkonto: <em>4001 &#8211; 4120061720<\/em>.<\/p>\n<p>Herefter bedes du\u00a0<strong>sende en mail<\/strong>\u00a0til\u00a0<a href=\"mailto:iiccopenaghen@esteri.it\"><strong>iiccopenaghen@esteri.it<\/strong><\/a>\u00a0med\u00a0<strong>navn, efternavn og dato<\/strong>\u00a0for indbetalingen. I mailens emnefelt skrives\u00a0<em>MEDLEMSKAB<\/em>.<\/p>\n<p>Inden for 14 dage af modtagelsen af overf\u00f8rsel og ovenn\u00e6vnte mail vil du modtage et medlemskort via mail, som kan printes ud.<\/p>\n<p>Det er n\u00f8dvendigt at sende en mail, s\u00e5 Instituttet har en mailadresse at sende medlemskortet til. Eventuelt kan man skrive sin mailadresse i kommentarfeltet i bankoverf\u00f8rslen.<\/p>\n<p>Instituttet kan desv\u00e6rre ikke modtage betaling kontant eller med check.<\/p>\n<p>&nbsp;<\/p>\n<p><span style=\"color: #ff0000;\">Det Italienske Kulturinstitut <strong>udlodder\u00a0 2&#215;2 billetter<\/strong>\u00a0til koncerten med den italienske\u00a0saxofonist Max Ionata under den forest\u00e5ende Vinter Jazzfestival i K\u00f8benhavn p\u00e5 <strong>Jazzhus Montmartre l\u00f8rdag d. 31. januar kl. 20.00<\/strong> blandt dem, der tilmelder sig medlemskab af Det Italienske Kulturinstitut i januar &#8211; <strong>inden d. 22. januar<\/strong>. Vinderne v\u00e6lges d. 23. januar og f\u00e5r direkte besked.<\/span><\/p>\n<p>&nbsp;<\/p>\n<p>Hvis du vil modtage Det Italienske Kulturinstituts nyhedsbrev,\u00a0<a href=\"https:\/\/flexbillet.dk\/iiccopenaghen\/event\/141475236913175f49123d598f229f214f3b9d4f0e60914\/register\">tilmeld dig her<\/a><\/p>\n<p>&nbsp;<\/p>\n","protected":false},"excerpt":{"rendered":"Medlemskab af Kulturinstituttet koster\u00a0350 kr. om \u00e5ret (250 kr for studerende, pensionister og medlemmer af foreningen Societ\u00e0 Dante Alighieri). Som medlem f\u00e5r man tilsendt et medlemskort, som har et \u00e5rs gyldighed. Medlemskabet giver mulighed for at l\u00e5ne fra Instituttets bibliotek (1 m\u00e5neds l\u00e5n). Samtidig er der fri entr\u00e9 til egne arrangementer i det Italienske Kulturinstituts [&hellip;]","protected":false},"author":3,"featured_media":0,"parent":76,"menu_order":0,"comment_status":"closed","ping_status":"closed","template":"","meta":{"footnotes":""},"class_list":["post-2178","page","type-page","status-publish","hentry"],"_links":{"self":[{"href":"https:\/\/iiccopenaghen.esteri.it\/da\/wp-json\/wp\/v2\/pages\/2178","targetHints":{"allow":["GET"]}}],"collection":[{"href":"https:\/\/iiccopenaghen.esteri.it\/da\/wp-json\/wp\/v2\/pages"}],"about":[{"href":"https:\/\/iiccopenaghen.esteri.it\/da\/wp-json\/wp\/v2\/types\/page"}],"author":[{"embeddable":true,"href":"https:\/\/iiccopenaghen.esteri.it\/da\/wp-json\/wp\/v2\/users\/3"}],"replies":[{"embeddable":true,"href":"https:\/\/iiccopenaghen.esteri.it\/da\/wp-json\/wp\/v2\/comments?post=2178"}],"version-history":[{"count":6,"href":"https:\/\/iiccopenaghen.esteri.it\/da\/wp-json\/wp\/v2\/pages\/2178\/revisions"}],"predecessor-version":[{"id":10964,"href":"https:\/\/iiccopenaghen.esteri.it\/da\/wp-json\/wp\/v2\/pages\/2178\/revisions\/10964"}],"up":[{"embeddable":true,"href":"https:\/\/iiccopenaghen.esteri.it\/da\/wp-json\/wp\/v2\/pages\/76"}],"wp:attachment":[{"href":"https:\/\/iiccopenaghen.esteri.it\/da\/wp-json\/wp\/v2\/media?parent=2178"}],"curies":[{"name":"wp","href":"https:\/\/api.w.org\/{rel}","templated":true}]}}