{"id":2143,"date":"2023-11-29T10:33:23","date_gmt":"2023-11-29T09:33:23","guid":{"rendered":"https:\/\/iiccopenaghen.esteri.it\/lingua-e-cultura\/i-corsi-di-lingua\/i-corsi-di-lingua-materiale-didattico\/"},"modified":"2026-01-06T17:01:00","modified_gmt":"2026-01-06T16:01:00","slug":"i-corsi-di-lingua-materiale-didattico","status":"publish","type":"page","link":"https:\/\/iiccopenaghen.esteri.it\/da\/lingua-e-cultura\/i-corsi-di-lingua\/i-corsi-di-lingua-materiale-didattico\/","title":{"rendered":"Italienskkurser &#8211; Undervisningsmateriale"},"content":{"rendered":"<p>Det fremg\u00e5r af kursusbeskrivelsen hvilken bog, der bruges p\u00e5 de enkelte hold. Kursisterne bedes selv anskaffe sig grundbog, \u00f8velsesh\u00e6fte eller andet materiale inden kursusstart.<\/p>\n<p>&nbsp;<\/p>\n<p><strong>Nuovo Espresso 1<\/strong>, <strong>I pronomi italiani<\/strong>\u00a0og\u00a0<strong>Le preposizioni italiane <\/strong>\u00a0kan bestilles gennem <em>Italien Information Service<\/em>, www.iis.dk. Send en e-mail til italien@iis.dk med bestillingen. Bogen kan afhentes ved kursusstart p\u00e5 Det Italienske Kulturinstitut. Betalingsoplysninger f\u00e5s ved afhentning. Pris: <em>Nuovo Espresso 1<\/em>\u00a0&#8211; 400 kr.\/ <em>Le preposizioni italiane<\/em> &#8211; 150 kr. \/ <em>I pronomi italiani<\/em> &#8211; 150 kr.<\/p>\n<p><strong>DIECI A1<\/strong> kan bestilles p\u00e5 <a href=\"https:\/\/www.almaedizioni.it\/prodotto\/dieci-a1\/\">www.almaedizioni.it<\/a><\/p>\n<p><strong>Passaparola 1<\/strong>\u00a0samt Skriftlige \u00f8velser kan bestilles gennem din boghandel eller k\u00f8bes p\u00e5 <a href=\"https:\/\/systime.dk\/passaparola-1\">www.systime.dk<\/a> (ogs\u00e5 som e-bog).<\/p>\n<p><strong>Un nuovo giorno in Italia<\/strong> kan bestilles p\u00e5 <a href=\"http:\/\/Un nuovo giorno in Italia - Loredana Chiappini\">www.loescher.it<\/a><\/p>\n<p><strong>Italia sempre A2\/B1<\/strong> kan bestilles p\u00e5 <a href=\"https:\/\/www.ornimieditions.com\/en\/books\/italian\/italia-sempre-a2-b1-detail\">www.ornimieditions.com<\/a><\/p>\n<p><strong>Ora dimmi di te. Lettera a Matilda<\/strong> af Andrea Cammilleri kan f.eks. bestilles p\u00e5 <a href=\"https:\/\/www.lafeltrinelli.it\/ora-dimmi-di-te-lettera-libro-andrea-camilleri\/e\/9788830154148\">www.lafeltrinelli.it<\/a> (Evt. som <a href=\"https:\/\/www.lafeltrinelli.it\/ora-dimmi-di-te-lettera-ebook-andrea-camilleri\/e\/9791221708585\">e-bog<\/a>) eller p\u00e5 <a href=\"https:\/\/www.amazon.it\/Ora-dimmi-te-Lettera-Matilda\/dp\/8830154148\">www.amazon.it<\/a><\/p>\n<p><strong>Grammatica avanzata della lingua italiana<\/strong> kan bestilles p\u00e5 <a href=\"https:\/\/www.almaedizioni.it\/prodotto\/grammatica-avanzata-della-lingua-italiana\/\">www.almaedizioni.it<\/a><\/p>\n<p><strong>Accabadora <\/strong>af Michela Murgia kan bestilles f.eks. p\u00e5 <a href=\"https:\/\/www.einaudi.it\/catalogo-libri\/narrativa-italiana\/narrativa-italiana-contemporanea\/accabadora-michela-murgia-9788806197803\/\">www.einaudi.it<\/a> eller <a href=\"https:\/\/www.amazon.com\/Accabadora-Michela-Murgia\/dp\/1619020505\">www.amazon.com<\/a><\/p>\n<p>&nbsp;<\/p>\n<p>&nbsp;<\/p>\n<p><img loading=\"lazy\" decoding=\"async\" class=\"alignnone size-medium wp-image-2140 img-fluid aligncenter\" src=\"https:\/\/iiccopenaghen.esteri.it\/wp-content\/uploads\/2023\/11\/Libri-300x225.jpg\" alt=\"\" width=\"300\" height=\"225\" srcset=\"https:\/\/iiccopenaghen.esteri.it\/wp-content\/uploads\/2023\/11\/Libri-300x225.jpg 300w, https:\/\/iiccopenaghen.esteri.it\/wp-content\/uploads\/2023\/11\/Libri-1024x768.jpg 1024w, https:\/\/iiccopenaghen.esteri.it\/wp-content\/uploads\/2023\/11\/Libri-768x576.jpg 768w, https:\/\/iiccopenaghen.esteri.it\/wp-content\/uploads\/2023\/11\/Libri.jpg 1920w\" sizes=\"auto, (max-width: 300px) 100vw, 300px\" \/><\/p>\n","protected":false},"excerpt":{"rendered":"Det fremg\u00e5r af kursusbeskrivelsen hvilken bog, der bruges p\u00e5 de enkelte hold. Kursisterne bedes selv anskaffe sig grundbog, \u00f8velsesh\u00e6fte eller andet materiale inden kursusstart. &nbsp; Nuovo Espresso 1, I pronomi italiani\u00a0og\u00a0Le preposizioni italiane \u00a0kan bestilles gennem Italien Information Service, www.iis.dk. Send en e-mail til italien@iis.dk med bestillingen. Bogen kan afhentes ved kursusstart p\u00e5 Det Italienske [&hellip;]","protected":false},"author":3,"featured_media":0,"parent":78,"menu_order":0,"comment_status":"closed","ping_status":"closed","template":"","meta":{"footnotes":""},"class_list":["post-2143","page","type-page","status-publish","hentry"],"_links":{"self":[{"href":"https:\/\/iiccopenaghen.esteri.it\/da\/wp-json\/wp\/v2\/pages\/2143","targetHints":{"allow":["GET"]}}],"collection":[{"href":"https:\/\/iiccopenaghen.esteri.it\/da\/wp-json\/wp\/v2\/pages"}],"about":[{"href":"https:\/\/iiccopenaghen.esteri.it\/da\/wp-json\/wp\/v2\/types\/page"}],"author":[{"embeddable":true,"href":"https:\/\/iiccopenaghen.esteri.it\/da\/wp-json\/wp\/v2\/users\/3"}],"replies":[{"embeddable":true,"href":"https:\/\/iiccopenaghen.esteri.it\/da\/wp-json\/wp\/v2\/comments?post=2143"}],"version-history":[{"count":6,"href":"https:\/\/iiccopenaghen.esteri.it\/da\/wp-json\/wp\/v2\/pages\/2143\/revisions"}],"predecessor-version":[{"id":10951,"href":"https:\/\/iiccopenaghen.esteri.it\/da\/wp-json\/wp\/v2\/pages\/2143\/revisions\/10951"}],"up":[{"embeddable":true,"href":"https:\/\/iiccopenaghen.esteri.it\/da\/wp-json\/wp\/v2\/pages\/78"}],"wp:attachment":[{"href":"https:\/\/iiccopenaghen.esteri.it\/da\/wp-json\/wp\/v2\/media?parent=2143"}],"curies":[{"name":"wp","href":"https:\/\/api.w.org\/{rel}","templated":true}]}}