{"id":1878,"date":"2023-10-23T17:22:55","date_gmt":"2023-10-23T15:22:55","guid":{"rendered":"https:\/\/iiccopenaghen.esteri.it\/lingua-e-cultura\/i-corsi-di-lingua\/minicorsi-autunno-2023\/"},"modified":"2026-01-16T13:51:12","modified_gmt":"2026-01-16T12:51:12","slug":"minicorsi-autunno-2023","status":"publish","type":"page","link":"https:\/\/iiccopenaghen.esteri.it\/da\/lingua-e-cultura\/i-corsi-di-lingua\/minicorsi-autunno-2023\/","title":{"rendered":"Minikurser"},"content":{"rendered":"<p>Det Italienske Kulturinstitut udbyder semesterlange italienskkurser to gange om \u00e5ret. Hvis du ikke er kommet med p\u00e5 et af vores lange kurser, eller ikke har mulighed for at forpligte dig s\u00e5 lang tid ad gangen, s\u00e5 kan du komme p\u00e5 et kortere intensivkursus i november.<\/p>\n<p>Er du nybegynder og vil forberede dig p\u00e5 en forest\u00e5ende rejse til Italien, er du \u00f8vet og tr\u00e6nger til at opfriske grammatikken, eller har du lyst til at fordybe dig i litteraturen i en kortere periode, samtidig med du tr\u00e6ner dit talte italiensk, s\u00e5 l\u00e6s mere her &#8230;<\/p>\n<p>&nbsp;<\/p>\n<h2>Mini corso di Italiano attraverso le canzoni<\/h2>\n<ul>\n<li>Niveau: A2-B1<\/li>\n<li>Dato: Fredage kl. 10.00-11.50 d.<strong> 20., 27. februar &#8211; 6., 13. e 20. marts<\/strong><\/li>\n<li>Pris: 650 kr.<\/li>\n<li>Underviser: Alba Granizio<\/li>\n<\/ul>\n<p>Kurset g\u00e5r p\u00e5 opdagelse i italiensk kultur gennem nogle af dens mest ikoniske udtryk: sange. Med udgangspunkt i sange, der har formet den italienske musikhistorie, bruger kurset musik som et centralt redskab til at l\u00e6re sproget p\u00e5 en naturlig og engagerende m\u00e5de, i overensstemmelse med kursisternes personlige interesser.<\/p>\n<p>Ved at lytte til og analysere sangtekster vil kursisterne udvikle grundl\u00e6ggende sprogf\u00e6rdigheder s\u00e5som accent og intonation, brugen af \u200b\u200bregelm\u00e6ssige og uregelm\u00e6ssige verber samt direkte og indirekte pronominer, samtidig med, at de forbedrer deres forst\u00e5else og mundtlige udtryk.<\/p>\n<p>Kursets n\u00f8glesange inkluderer store italienske klassikere: &#8220;Volare&#8221; af Domenico Modugno, <em>Azzurro<\/em> af Adriano Celentano, <em>La solitudine<\/em> af Laura Pausini, <em>Sally<\/em> af Vasco Rossi og<em> Certe notti<\/em> af Ligabue, der vil tage os p\u00e5 en sproglig og kulturel rejse gennem forskellige epoker og musikgenrer.<\/p>\n<ul>\n<li><strong>Pris<\/strong>: 5 undervisningsgange af 2&#215;50 minutter: 650 kr. + tilmeldingsgebyr<\/li>\n<li><a href=\"https:\/\/event.it\/iiccopenaghen\/canzoni\"><b>Tilmeld dig her<\/b><\/a><\/li>\n<\/ul>\n<p>&nbsp;<\/p>\n<p>&nbsp;<\/p>\n<p><strong>Tilmelding og betaling:<\/strong><br \/>\nVed alle tre ovenst\u00e5ende kurser g\u00e6lder, at tilmelding og betaling skal ske elektronisk.<\/p>\n<p><strong>Bem\u00e6rk!<\/strong>\u00a0Tilmeldingen er f\u00f8rst gyldig efter betaling.<u>\u00a0Efter betaling er din tilmelding bindende<\/u>\u00a0\u2013 kursusgebyret kan udelukkende returneres, hvis det \u00f8nskede hold ikke modtager et tilstr\u00e6kkeligt antal tilmeldinger eller aflyses (ekslusiv tilmeldingsgebyr).<\/p>\n","protected":false},"excerpt":{"rendered":"Det Italienske Kulturinstitut udbyder semesterlange italienskkurser to gange om \u00e5ret. Hvis du ikke er kommet med p\u00e5 et af vores lange kurser, eller ikke har mulighed for at forpligte dig s\u00e5 lang tid ad gangen, s\u00e5 kan du komme p\u00e5 et kortere intensivkursus i november. Er du nybegynder og vil forberede dig p\u00e5 en forest\u00e5ende [&hellip;]","protected":false},"author":3,"featured_media":0,"parent":78,"menu_order":0,"comment_status":"closed","ping_status":"closed","template":"","meta":{"footnotes":""},"class_list":["post-1878","page","type-page","status-publish","hentry"],"_links":{"self":[{"href":"https:\/\/iiccopenaghen.esteri.it\/da\/wp-json\/wp\/v2\/pages\/1878","targetHints":{"allow":["GET"]}}],"collection":[{"href":"https:\/\/iiccopenaghen.esteri.it\/da\/wp-json\/wp\/v2\/pages"}],"about":[{"href":"https:\/\/iiccopenaghen.esteri.it\/da\/wp-json\/wp\/v2\/types\/page"}],"author":[{"embeddable":true,"href":"https:\/\/iiccopenaghen.esteri.it\/da\/wp-json\/wp\/v2\/users\/3"}],"replies":[{"embeddable":true,"href":"https:\/\/iiccopenaghen.esteri.it\/da\/wp-json\/wp\/v2\/comments?post=1878"}],"version-history":[{"count":3,"href":"https:\/\/iiccopenaghen.esteri.it\/da\/wp-json\/wp\/v2\/pages\/1878\/revisions"}],"predecessor-version":[{"id":11076,"href":"https:\/\/iiccopenaghen.esteri.it\/da\/wp-json\/wp\/v2\/pages\/1878\/revisions\/11076"}],"up":[{"embeddable":true,"href":"https:\/\/iiccopenaghen.esteri.it\/da\/wp-json\/wp\/v2\/pages\/78"}],"wp:attachment":[{"href":"https:\/\/iiccopenaghen.esteri.it\/da\/wp-json\/wp\/v2\/media?parent=1878"}],"curies":[{"name":"wp","href":"https:\/\/api.w.org\/{rel}","templated":true}]}}